{"id":2580,"date":"2023-06-15T07:50:28","date_gmt":"2023-06-15T05:50:28","guid":{"rendered":"https:\/\/ambmascate.esteri.it\/?page_id=2580"},"modified":"2025-07-21T10:01:25","modified_gmt":"2025-07-21T08:01:25","slug":"reingresso","status":"publish","type":"page","link":"https:\/\/ambmascate.esteri.it\/it\/servizi-consolari-e-visti\/servizi-per-il-cittadino-straniero\/visti\/reingresso\/","title":{"rendered":"Reingresso"},"content":{"rendered":"<p>In caso di necessit\u00e0 di un visto per reingresso agli stranieri titolari di carta o permesso di soggiorno la cui validit\u00e0 risulti scaduta, ovvero titolari di permesso di soggiorno in corso di validit\u00e0 ma che si trovino incidentalmente sprovvisti di tali documenti ed intendano rientrare nel territorio italiano, \u00e8 obbligatorio fornire i documenti indicati nella seguente <a href=\"https:\/\/ambmascate.esteri.it\/wp-content\/uploads\/2024\/05\/re-entry_2024.pdf\">check-list<\/a>.<\/p>\n","protected":false},"excerpt":{"rendered":"In caso di necessit\u00e0 di un visto per reingresso agli stranieri titolari di carta o permesso di soggiorno la cui validit\u00e0 risulti scaduta, ovvero titolari di permesso di soggiorno in corso di validit\u00e0 ma che si trovino incidentalmente sprovvisti di tali documenti ed intendano rientrare nel territorio italiano, \u00e8 obbligatorio fornire i documenti indicati nella [&hellip;]","protected":false},"author":4,"featured_media":0,"parent":89,"menu_order":6,"comment_status":"closed","ping_status":"closed","template":"","meta":{"footnotes":""},"class_list":["post-2580","page","type-page","status-publish","hentry"],"_links":{"self":[{"href":"https:\/\/ambmascate.esteri.it\/it\/wp-json\/wp\/v2\/pages\/2580","targetHints":{"allow":["GET"]}}],"collection":[{"href":"https:\/\/ambmascate.esteri.it\/it\/wp-json\/wp\/v2\/pages"}],"about":[{"href":"https:\/\/ambmascate.esteri.it\/it\/wp-json\/wp\/v2\/types\/page"}],"author":[{"embeddable":true,"href":"https:\/\/ambmascate.esteri.it\/it\/wp-json\/wp\/v2\/users\/4"}],"replies":[{"embeddable":true,"href":"https:\/\/ambmascate.esteri.it\/it\/wp-json\/wp\/v2\/comments?post=2580"}],"version-history":[{"count":3,"href":"https:\/\/ambmascate.esteri.it\/it\/wp-json\/wp\/v2\/pages\/2580\/revisions"}],"predecessor-version":[{"id":2804,"href":"https:\/\/ambmascate.esteri.it\/it\/wp-json\/wp\/v2\/pages\/2580\/revisions\/2804"}],"up":[{"embeddable":true,"href":"https:\/\/ambmascate.esteri.it\/it\/wp-json\/wp\/v2\/pages\/89"}],"wp:attachment":[{"href":"https:\/\/ambmascate.esteri.it\/it\/wp-json\/wp\/v2\/media?parent=2580"}],"curies":[{"name":"wp","href":"https:\/\/api.w.org\/{rel}","templated":true}]}}