{"id":318,"date":"2023-06-05T09:23:39","date_gmt":"2023-06-05T07:23:39","guid":{"rendered":"https:\/\/ambmascate.esteri.it\/?page_id=318"},"modified":"2024-02-22T10:43:09","modified_gmt":"2024-02-22T09:43:09","slug":"rientro-definitivo-in-italia-dei-cittadini-iscritti-allaire-ed-esenzione-iva-per-le-masserizie","status":"publish","type":"page","link":"https:\/\/ambmascate.esteri.it\/it\/servizi-consolari-e-visti\/servizi-per-il-cittadino-italiano\/assistenza-ai-cittadini-allestero\/rientro-definitivo-in-italia-dei-cittadini-iscritti-allaire-ed-esenzione-iva-per-le-masserizie\/","title":{"rendered":"Rientro definitivo in Italia dei cittadini iscritti all&#8217;AIRE ed esenzione IVA per le masserizie."},"content":{"rendered":"<p><strong>RIENTRO DEFINITIVO IN ITALIA DEI CITTADINI ISCRITTI ALL\u2019AIRE ED ESENZIONE IVA PER LE MASSERIZIE<\/strong><\/p>\n<p>I cittadini iscritti AIRE che rientrano definitivamente in Italia dovranno presentarsi presso il Comune dove hanno deciso di stabilirsi per dichiarare il nuovo indirizzo di residenza.\u00a0 Nella stessa data il Comune provveder\u00e0 alla cancellazione dall\u2019AIRE con contestuale iscrizione in APR (Anagrafe Popolazione Residente).\u00a0 \u00c8 cura del Comune comunicare ufficialmente la data di decorrenza del rimpatrio al Consolato di provenienza che registrer\u00e0 nei propri schedari consolari il rimpatrio.<\/p>\n<p>La cancellazione dall\u2019Aire per rimpatrio, con il conseguente aggiornamento dello schedario consolare, pu\u00f2 avvenire solo in seguito alla conferma dell\u2019iscrizione del cittadino presso l\u2019APR da parte del Comune italiano, che ripristina la residenza anagrafica e l\u2019iscrizione nell\u2019elenco degli elettori nel territorio della Repubblica e ne d\u00e0 comunicazione all\u2019Ufficio consolare.<\/p>\n<h1>Attestazione di rimpatrio per esenzione doganale<\/h1>\n<p>In base alla\u00a0<a href=\"https:\/\/def.finanze.it\/DocTribFrontend\/getArticoloDetailFromResultList.do?id=%7BD4890EC6-8E51-4290-8AA6-0958C36DC0B3%7D&amp;codiceOrdinamento=200011000000000&amp;idAttoNormativo=%7B5662CBF3-0132-4AF7-825A-5A4829850F95%7D\">normativa vigente<\/a>, i cittadini italiani che trasferiscono la propria residenza dall\u2019Oman ad un paese membro dell\u2019Unione Europea possono richiedere l\u2019esenzione doganale sull\u2019importazione dei propri beni usati.<\/p>\n<p>La richiesta di esenzione deve essere presentata al competente Ufficio di Dogana tramite un\u2019<strong>attestazione<\/strong>\u00a0rilasciata dalla competente Autorit\u00e0 Consolare, a cui andr\u00e0 allegata una\u00a0<strong>lista<\/strong>\u00a0dei beni oggetto dell\u2019importazione. Questi possono essere effetti personali di vario genere: arredi, volumi,\u00a0veicoli, apparecchi elettrici ed elettronici (purch\u00e9 vengano indicati nella lista marca, modello e numero di matricola\/serial number dell\u2019apparecchio), utensili e strumenti necessari alla professione, nonch\u00e9 degli altri oggetti d\u2019uso domestico.<\/p>\n<p>I cittadini\u00a0<strong>italiani<\/strong>\u00a0<strong>iscritti all\u2019AIRE<\/strong>\u00a0da\u00a0<strong>almeno un anno<\/strong>\u00a0nella\u00a0circoscrizione consolare dell\u2019Oman\u00a0possono richiedere tale attestazione a quest\u2019Ambasciata.<\/p>\n<p><strong>MODALIT\u00c0 DI PRENOTAZIONE DELL\u2019APPUNTAMENTO <\/strong><\/p>\n<p>Gli interessati dovranno inviare una email di\u00a0<strong>richiesta appuntamento<\/strong>\u00a0all\u2019indirizzo\u00a0<a href=\"mailto:consolare.mascate@esteri.it\">consolare.mascate@esteri.it<\/a> allegando i seguenti documenti:<\/p>\n<ol>\n<li>Scansione di un\u00a0<strong>documento di identit\u00e0 italiano<\/strong>in corso di validit\u00e0 del richiedente;<\/li>\n<li>Modulo di richiesta <a href=\"https:\/\/ambmascate.esteri.it\/wp-content\/uploads\/2024\/02\/RICHIESTA-CONSOLARE-RIMPATRIO-MASSERIZIE.pdf\">\u201c<strong><u>Dichiarazione di Rimpatrio<\/u><\/strong>\u201d<\/a>, compilato digitalmante per intero\u00a0<strong>TRANNE<\/strong>data e firma;<\/li>\n<li><strong>Lista<\/strong>dei beni usati oggetto dell\u2019importazione (lista delle masserizie). Non \u00e8 previsto un formato n\u00e9 un livello di dettaglio specifico. Ad esempio, \u00e8 possibile indicare il numero di cartoni con il relativo contenuto (10 scatoloni libri, 4 scatoloni articoli cucina, \u2026). \u00c8 tuttavia indispensabile che la lista sia compilata\u00a0<strong>digitalmente<\/strong>\u00a0(non a mano libera) e che per tutti i\u00a0<strong>beni elettrici ed elettronici<\/strong>\u00a0vengano indicati marca, modello e numero di matricola\/serial number.<\/li>\n<\/ol>\n<p>Una volta verificata l\u2019accettabilit\u00e0 della richiesta, l\u2019Ufficio risponder\u00e0 al richiedente offrendo un appuntamento in Consolato.<\/p>\n<p>All\u2019appuntamento, il richiedente dovr\u00e0 presentare:<\/p>\n<ol>\n<li>Il proprio\u00a0<strong>documento di identit\u00e0 italiano<\/strong>in corso di validit\u00e0;<\/li>\n<li><strong>UNA<\/strong>copia stampata del modulo di richiesta <a href=\"https:\/\/ambmascate.esteri.it\/wp-content\/uploads\/2024\/02\/RICHIESTA-CONSOLARE-RIMPATRIO-MASSERIZIE.pdf\">\u201c<strong><u>Dichiarazione di Rimpatrio<\/u><\/strong>\u201d<\/a>, compilato digitalmente per intero\u00a0<strong>TRANNE<\/strong>\u00a0 data e firma;<\/li>\n<li><strong>TRE\u00a0<\/strong>copie della lista dei beni usati oggetto dell\u2019importazione (lista delle masserizie). Tali liste verranno vistate e restituite al richiedente perch\u00e9 possa presentarle all\u2019Ufficio di Dogana competente;<\/li>\n<li>Il rilascio della certificazione \u00e8 gratuito<\/li>\n<\/ol>\n<p>Al termine della procedura verranno consegnate al richiedente 2 copie originali dell\u2019attestazione di rimpatrio e 2 liste delle masserizie vistate. L\u2019interessato potr\u00e0 disporre di questa documentazione come necessario nel proprio particolare caso.<\/p>\n<p>&nbsp;<\/p>\n<p>&nbsp;<\/p>\n","protected":false},"excerpt":{"rendered":"RIENTRO DEFINITIVO IN ITALIA DEI CITTADINI ISCRITTI ALL\u2019AIRE ED ESENZIONE IVA PER LE MASSERIZIE I cittadini iscritti AIRE che rientrano definitivamente in Italia dovranno presentarsi presso il Comune dove hanno deciso di stabilirsi per dichiarare il nuovo indirizzo di residenza.\u00a0 Nella stessa data il Comune provveder\u00e0 alla cancellazione dall\u2019AIRE con contestuale iscrizione in APR (Anagrafe [&hellip;]","protected":false},"author":4,"featured_media":0,"parent":69,"menu_order":0,"comment_status":"closed","ping_status":"closed","template":"","meta":{"footnotes":""},"class_list":["post-318","page","type-page","status-publish","hentry"],"_links":{"self":[{"href":"https:\/\/ambmascate.esteri.it\/it\/wp-json\/wp\/v2\/pages\/318","targetHints":{"allow":["GET"]}}],"collection":[{"href":"https:\/\/ambmascate.esteri.it\/it\/wp-json\/wp\/v2\/pages"}],"about":[{"href":"https:\/\/ambmascate.esteri.it\/it\/wp-json\/wp\/v2\/types\/page"}],"author":[{"embeddable":true,"href":"https:\/\/ambmascate.esteri.it\/it\/wp-json\/wp\/v2\/users\/4"}],"replies":[{"embeddable":true,"href":"https:\/\/ambmascate.esteri.it\/it\/wp-json\/wp\/v2\/comments?post=318"}],"version-history":[{"count":1,"href":"https:\/\/ambmascate.esteri.it\/it\/wp-json\/wp\/v2\/pages\/318\/revisions"}],"predecessor-version":[{"id":2253,"href":"https:\/\/ambmascate.esteri.it\/it\/wp-json\/wp\/v2\/pages\/318\/revisions\/2253"}],"up":[{"embeddable":true,"href":"https:\/\/ambmascate.esteri.it\/it\/wp-json\/wp\/v2\/pages\/69"}],"wp:attachment":[{"href":"https:\/\/ambmascate.esteri.it\/it\/wp-json\/wp\/v2\/media?parent=318"}],"curies":[{"name":"wp","href":"https:\/\/api.w.org\/{rel}","templated":true}]}}