{"id":324,"date":"2023-06-05T09:26:41","date_gmt":"2023-06-05T07:26:41","guid":{"rendered":"https:\/\/ambmascate.esteri.it\/?page_id=324"},"modified":"2023-06-05T09:26:41","modified_gmt":"2023-06-05T07:26:41","slug":"rimpatrio-sanitario-e-rimpatrio-delle-salme","status":"publish","type":"page","link":"https:\/\/ambmascate.esteri.it\/it\/servizi-consolari-e-visti\/servizi-per-il-cittadino-italiano\/assistenza-ai-cittadini-allestero\/rimpatrio-sanitario-e-rimpatrio-delle-salme\/","title":{"rendered":"Rimpatrio sanitario e rimpatrio delle salme"},"content":{"rendered":"<p><strong>RIMPATRIO SANITARIO<\/strong><\/p>\n<p>Un settore particolarmente delicato dell\u2019attivit\u00e0 di assistenza ai cittadini italiani all\u2019estero riguarda il rimpatrio dei connazionali che si trovino in Paesi stranieri in situazioni di gravi difficolt\u00e0, non superabili in loco. Gli interventi della Farnesina, in collaborazione con gli enti territorialmente competenti (Prefetture, Questure, Comuni, Unit\u00e0 Sanitarie Locali, Servizi Sociali), riguardano:\u00b7 connazionali emigrati, che si trovano nella necessit\u00e0 di rientrare in Italia in via definitiva per motivi economici o sanitari;<\/p>\n<ul>\n<li>minori in stato di abbandono;<\/li>\n<li>malati di mente (la procedura in questo caso e&#8217; assai complessa, perch\u00e8 richiede la presenza di uno o pi\u00f9 accompagnatori qualificati, nonch\u00e8 il reperimento di ospedali specializzati);<\/li>\n<li>cittadini italiani al termine della detenzione o espulsi;<\/li>\n<li>anziani soli per i quali viene richiesto il ricovero in case di riposo in Italia;<\/li>\n<li>ammalati gravi che non possono essere curati in loco per mancanza di idonee strutture.<\/li>\n<\/ul>\n<p>I rimpatri a carico dell&#8217;Erario sono limitati ai casi di comprovata indigenza verificati dalla rete diplomatico-consolare; in tutti gli altri casi il rimpatrio avviene previa sottoscrizione di prestiti con promessa di restituzione all\u2019Erario.<\/p>\n<p><strong>RIMPATRIO DELLE SALME<\/strong><\/p>\n<p>Perdere una persona cara \u00e8 sempre motivo di grande dolore, ma se questo dovesse succedere all&#8217;estero, al dolore si aggiunge la necessit\u00e0 di risolvere alcuni problemi pratici.<\/p>\n<p>Qui di seguito diamo delle indicazioni sulla soluzione di tali problemi.<\/p>\n<p>Per il rimpatrio della salma di un cittadino italiano e&#8217; necessario contattare l&#8217;Ambasciata d&#8217;Italia all&#8217;indirizzo\u00a0<a href=\"mailto:consolare.mascate@esteri.it\">consolare.mascate@esteri.it<\/a>\u00a0o, fuori dall&#8217;orario di ufficio, al numero di emergenza +968 9933 2655 per segnalare il decesso e le generalita&#8217; della persona deceduta. L&#8217;Ufficio Consolare trasmettera&#8217; una richiesta al Comune italiano in cui il connazionale era residente o era iscritto all&#8217;AIRE per ottenere il &#8220;nulla osta all&#8217;introduzione della salma&#8221;. Una volta ricevuto il &#8220;nulla osta&#8221; dal Comune, l&#8217;agenzia di onoranze funebri, incaricata dai familiari del rimpatrio a proprie spese della salma, potr\u00e0 procedere con il trasporto in Italia.<\/p>\n<p>Si consiglia di verificare presso la propria Regione o il proprio ente locale di riferimento l&#8217;esistenza di eventuali rimborsi o contributi.<\/p>\n<p>In caso di decesso di connazionali residenti all&#8217;estero in stato di accertata indigenza, il Consolato o l&#8217;Ambasciata contattati potranno prestare assistenza ai familiari indigenti, residenti all&#8217;estero, del connazionale deceduto, mediante rimborso totale o parziale delle spese funebri sostenute in loco, regolarmente documentate.<\/p>\n<p>&nbsp;<\/p>\n","protected":false},"excerpt":{"rendered":"RIMPATRIO SANITARIO Un settore particolarmente delicato dell\u2019attivit\u00e0 di assistenza ai cittadini italiani all\u2019estero riguarda il rimpatrio dei connazionali che si trovino in Paesi stranieri in situazioni di gravi difficolt\u00e0, non superabili in loco. Gli interventi della Farnesina, in collaborazione con gli enti territorialmente competenti (Prefetture, Questure, Comuni, Unit\u00e0 Sanitarie Locali, Servizi Sociali), riguardano:\u00b7 connazionali emigrati, [&hellip;]","protected":false},"author":4,"featured_media":0,"parent":69,"menu_order":0,"comment_status":"closed","ping_status":"closed","template":"","meta":{"footnotes":""},"class_list":["post-324","page","type-page","status-publish","hentry"],"_links":{"self":[{"href":"https:\/\/ambmascate.esteri.it\/it\/wp-json\/wp\/v2\/pages\/324","targetHints":{"allow":["GET"]}}],"collection":[{"href":"https:\/\/ambmascate.esteri.it\/it\/wp-json\/wp\/v2\/pages"}],"about":[{"href":"https:\/\/ambmascate.esteri.it\/it\/wp-json\/wp\/v2\/types\/page"}],"author":[{"embeddable":true,"href":"https:\/\/ambmascate.esteri.it\/it\/wp-json\/wp\/v2\/users\/4"}],"replies":[{"embeddable":true,"href":"https:\/\/ambmascate.esteri.it\/it\/wp-json\/wp\/v2\/comments?post=324"}],"version-history":[{"count":0,"href":"https:\/\/ambmascate.esteri.it\/it\/wp-json\/wp\/v2\/pages\/324\/revisions"}],"up":[{"embeddable":true,"href":"https:\/\/ambmascate.esteri.it\/it\/wp-json\/wp\/v2\/pages\/69"}],"wp:attachment":[{"href":"https:\/\/ambmascate.esteri.it\/it\/wp-json\/wp\/v2\/media?parent=324"}],"curies":[{"name":"wp","href":"https:\/\/api.w.org\/{rel}","templated":true}]}}