{"id":330,"date":"2023-06-05T09:29:53","date_gmt":"2023-06-05T07:29:53","guid":{"rendered":"https:\/\/ambmascate.esteri.it\/?page_id=330"},"modified":"2023-06-05T09:29:53","modified_gmt":"2023-06-05T07:29:53","slug":"numeri-di-emergenza","status":"publish","type":"page","link":"https:\/\/ambmascate.esteri.it\/it\/servizi-consolari-e-visti\/servizi-per-il-cittadino-italiano\/assistenza-ai-cittadini-allestero\/numeri-di-emergenza\/","title":{"rendered":"Numeri di Emergenza"},"content":{"rendered":"<p>Esclusivamente per i cittadini italiani che si trovino in situazioni di comprovata emergenza, al di fuori dell&#8217;orario di apertura degli uffici \u00e8 attivo il seguente numero di emergenza dell&#8217;Ambasciata:<\/p>\n<p><strong>+968 9933 2655<\/strong><\/p>\n<p>Il numero \u00e8 operativo esclusivamente nei seguenti orari (locale omanita):<\/p>\n<p>&#8211; dalla domenica al gioved\u00ec dalle 18 alle 22<\/p>\n<p>&#8211; nel fine settimana (venerd\u00ec e sabato) e nei giorni festivi dalle ore 9 alle ore 22.<\/p>\n<p>Al di fuori di queste fasce orarie d in casi di\u00a0<strong>ASSOLUTA EMERGENZA<\/strong>\u00a0\u00e8 possibile contattare il seguente numero dell&#8217;Unit\u00e0 di Crisi del Ministero degli Esteri e della Cooperazione Internazionale, raggiungibile al numero:<\/p>\n<p><strong>+39 06 36225<\/strong><\/p>\n<p>Al fine di consentire la continua disponibilit\u00e0 della linea telefonica per i casi di effettiva emergenza, le chiamate per pratiche consolari ordinarie (passaporti, visti, etc.) non potranno essere prese in considerazione. Per tali richieste \u00e8 possibile scrivere rispettivamente agli indirizzi\u00a0<a href=\"mailto:consolare.mascate@esteri.it\">consolare.mascate@esteri.it<\/a>\u00a0o\u00a0<a href=\"mailto:visti.mascate@esteri.it\">visti.mascate@esteri.it.<\/a><\/p>\n<p>Si ricorda che l\u2019utilizzo improprio del cellulare di emergenza \u00e8 regolato dall\u2019Art. 658 del Codice Penale.<\/p>\n<p>&nbsp;<\/p>\n","protected":false},"excerpt":{"rendered":"Esclusivamente per i cittadini italiani che si trovino in situazioni di comprovata emergenza, al di fuori dell&#8217;orario di apertura degli uffici \u00e8 attivo il seguente numero di emergenza dell&#8217;Ambasciata: +968 9933 2655 Il numero \u00e8 operativo esclusivamente nei seguenti orari (locale omanita): &#8211; dalla domenica al gioved\u00ec dalle 18 alle 22 &#8211; nel fine settimana [&hellip;]","protected":false},"author":4,"featured_media":0,"parent":69,"menu_order":0,"comment_status":"closed","ping_status":"closed","template":"","meta":{"footnotes":""},"class_list":["post-330","page","type-page","status-publish","hentry"],"_links":{"self":[{"href":"https:\/\/ambmascate.esteri.it\/it\/wp-json\/wp\/v2\/pages\/330","targetHints":{"allow":["GET"]}}],"collection":[{"href":"https:\/\/ambmascate.esteri.it\/it\/wp-json\/wp\/v2\/pages"}],"about":[{"href":"https:\/\/ambmascate.esteri.it\/it\/wp-json\/wp\/v2\/types\/page"}],"author":[{"embeddable":true,"href":"https:\/\/ambmascate.esteri.it\/it\/wp-json\/wp\/v2\/users\/4"}],"replies":[{"embeddable":true,"href":"https:\/\/ambmascate.esteri.it\/it\/wp-json\/wp\/v2\/comments?post=330"}],"version-history":[{"count":0,"href":"https:\/\/ambmascate.esteri.it\/it\/wp-json\/wp\/v2\/pages\/330\/revisions"}],"up":[{"embeddable":true,"href":"https:\/\/ambmascate.esteri.it\/it\/wp-json\/wp\/v2\/pages\/69"}],"wp:attachment":[{"href":"https:\/\/ambmascate.esteri.it\/it\/wp-json\/wp\/v2\/media?parent=330"}],"curies":[{"name":"wp","href":"https:\/\/api.w.org\/{rel}","templated":true}]}}