{"id":342,"date":"2023-06-05T10:01:52","date_gmt":"2023-06-05T08:01:52","guid":{"rendered":"https:\/\/ambmascate.esteri.it\/?page_id=342"},"modified":"2025-11-02T09:05:02","modified_gmt":"2025-11-02T08:05:02","slug":"studi-legali","status":"publish","type":"page","link":"https:\/\/ambmascate.esteri.it\/it\/servizi-consolari-e-visti\/servizi-per-il-cittadino-italiano\/servizi-notarili\/studi-legali\/","title":{"rendered":"Studi Legali"},"content":{"rendered":"<p><strong>STUDI LEGALI A DISPOSIZIONE DELL\u2019UTENZA CONSOLARE<\/strong><\/p>\n<p>Si riportano nel seguente<a href=\"https:\/\/ambmascate.esteri.it\/wp-content\/uploads\/2025\/11\/Law-Firms-Oman-Updatednov-2025.pdf\"> elenco studi legali in Oman<\/a> i nominativi e recapiti di alcuni studi legali di cui potersi avvalere in caso di necessit\u00e0, ferma restando naturalmente la possibilit\u00e0 di rivolgersi ad altri professionisti di propria fiducia.<\/p>\n<p>Questo elenco deve considerarsi non esaustivo, in quanto \u00e8 stato definito in base alle richieste di inserimento avanzate dagli stessi professionisti, e pertanto in futuro potr\u00e0 annoverare altri nominativi.<\/p>\n<p>L\u2019Ambasciata non risponde della qualit\u00e0 del servizio prestato dagli stessi, del loro operato e delle tariffe praticate.<\/p>\n<p>I professionisti individuati possiedono l\u2019abilitazione legale all\u2019esercizio della professione e all\u2019iscrizione nel relativo albo o\/e ordine professionale e una conoscenza almeno dell\u2019inglese e dell\u2019arabo.<\/p>\n<p>I professionisti che intendano essere inseriti nel predetto elenco dovranno inviare apposita richiesta a questa Ambasciata all\u2019indirizzo email\u00a0<a href=\"mailto:consolare.mascate@esteri.it\">consolare.mascate@esteri.it<\/a>, corredandola di curriculum professionale, il\u00a0modulo di autocertificazione\u00a0circa l\u2019abilitazione legale all\u2019esercizio della professione e iscrizione al relativo albo e circa l\u2019eventuale conoscenza della lingua italiana, debitamente compilato e firmato. Questa Ambasciata si riserva di accertare il possesso dei predetti requisiti.<\/p>\n<p>&nbsp;<\/p>\n","protected":false},"excerpt":{"rendered":"STUDI LEGALI A DISPOSIZIONE DELL\u2019UTENZA CONSOLARE Si riportano nel seguente elenco studi legali in Oman i nominativi e recapiti di alcuni studi legali di cui potersi avvalere in caso di necessit\u00e0, ferma restando naturalmente la possibilit\u00e0 di rivolgersi ad altri professionisti di propria fiducia. Questo elenco deve considerarsi non esaustivo, in quanto \u00e8 stato definito [&hellip;]","protected":false},"author":4,"featured_media":0,"parent":71,"menu_order":0,"comment_status":"closed","ping_status":"closed","template":"","meta":{"footnotes":""},"class_list":["post-342","page","type-page","status-publish","hentry"],"_links":{"self":[{"href":"https:\/\/ambmascate.esteri.it\/it\/wp-json\/wp\/v2\/pages\/342","targetHints":{"allow":["GET"]}}],"collection":[{"href":"https:\/\/ambmascate.esteri.it\/it\/wp-json\/wp\/v2\/pages"}],"about":[{"href":"https:\/\/ambmascate.esteri.it\/it\/wp-json\/wp\/v2\/types\/page"}],"author":[{"embeddable":true,"href":"https:\/\/ambmascate.esteri.it\/it\/wp-json\/wp\/v2\/users\/4"}],"replies":[{"embeddable":true,"href":"https:\/\/ambmascate.esteri.it\/it\/wp-json\/wp\/v2\/comments?post=342"}],"version-history":[{"count":6,"href":"https:\/\/ambmascate.esteri.it\/it\/wp-json\/wp\/v2\/pages\/342\/revisions"}],"predecessor-version":[{"id":4529,"href":"https:\/\/ambmascate.esteri.it\/it\/wp-json\/wp\/v2\/pages\/342\/revisions\/4529"}],"up":[{"embeddable":true,"href":"https:\/\/ambmascate.esteri.it\/it\/wp-json\/wp\/v2\/pages\/71"}],"wp:attachment":[{"href":"https:\/\/ambmascate.esteri.it\/it\/wp-json\/wp\/v2\/media?parent=342"}],"curies":[{"name":"wp","href":"https:\/\/api.w.org\/{rel}","templated":true}]}}