{"id":387,"date":"2023-06-05T12:54:24","date_gmt":"2023-06-05T10:54:24","guid":{"rendered":"https:\/\/ambmascate.esteri.it\/?page_id=387"},"modified":"2023-06-05T12:55:34","modified_gmt":"2023-06-05T10:55:34","slug":"spid-identita-digitale-cittadini-italiani-residenti-allestero","status":"publish","type":"page","link":"https:\/\/ambmascate.esteri.it\/it\/servizi-consolari-e-visti\/servizi-per-il-cittadino-italiano\/spid-identita-digitale-cittadini-italiani-residenti-allestero\/","title":{"rendered":"SPID-Identita` Digitale &#8211; Cittadini Italiani Residenti All`Estero"},"content":{"rendered":"<p><strong><u><img loading=\"lazy\" decoding=\"async\" class=\"alignnone size-medium wp-image-389 img-fluid\" src=\"https:\/\/ambmascate.esteri.it\/wp-content\/uploads\/2023\/06\/spid-300x99.png\" alt=\"\" width=\"300\" height=\"99\" srcset=\"https:\/\/ambmascate.esteri.it\/wp-content\/uploads\/2023\/06\/spid-300x99.png 300w, https:\/\/ambmascate.esteri.it\/wp-content\/uploads\/2023\/06\/spid.png 342w\" sizes=\"auto, (max-width: 300px) 100vw, 300px\" \/>Che cos\u2019\u00e8 SPID<\/u><\/strong><\/p>\n<p>Il Sistema Pubblico di Identit\u00e0 Digitale (SPID) <strong>\u00e8 la chiave di accesso ai servizi digitali delle amministrazioni locali e centrali (Comuni, Agenzia delle Entrate, INPS, etc.)<\/strong>. Permette di effettuare online un buon numero di pratiche amministrative e fiscali, nonch\u00e9 scaricare importanti documenti personali quali visure catastali, certificati di iscrizione AIRE etc.<\/p>\n<p>&nbsp;<\/p>\n<p>L\u2019accesso a SPID \u00e8 consentito <strong>per tutti i cittadini maggiorenni<\/strong> in possesso di un documento italiano in corso di validit\u00e0, rivolgendosi a uno dei gestori di identit\u00e0 digitale accreditati dall\u2019Agenzia per l\u2019Italia Digitale (AgID). La lista dei gestori \u00e8 disponibile <a href=\"https:\/\/www.spid.gov.it\/cos-e-spid\/come-scegliere-tra-gli-idp\/\"><strong><u>cliccando qui.<\/u><\/strong><\/a><\/p>\n<p>&nbsp;<\/p>\n<p>Il Decreto cosiddetto \u201cMilleproroghe\u201d del 25 febbraio 2021 ha sancito una nuova proroga di 15 mesi del termine per il rilascio esclusivo delle credenziali SPID e CIE (Carta Identit\u00e0 Elettronica) ai fini dell\u2019identificazione e dell\u2019accesso dei cittadini ai servizi in rete.<\/p>\n<p>&nbsp;<\/p>\n<p>Pertanto, il <strong>1 gennaio 2023<\/strong> \u00e8 la data a partire dalla quale le Pubbliche Amministrazioni dovranno utilizzare esclusivamente le identit\u00e0 digitali e la carta di identit\u00e0 elettronica ai fini dell&#8217;identificazione dei cittadini all&#8217;estero che accedono ai propri servizi in rete. Da tale data le Pubbliche Amministrazioni non potranno rilasciare altre credenziali e gli utenti gi\u00e0 in possesso di credenziali per l&#8217;accesso ai portali informatici, diverse da SPID e CIE, potranno utilizzarle fino al <strong>31 marzo 2023<\/strong>.<\/p>\n<p>Alla luce di quanto sopra, si invita la collettivit\u00e0 italiana residente all&#8217;estero <strong>ad adottare le credenziali SPID entro il 31 dicembre 2022<\/strong>.<\/p>\n<p>&nbsp;<\/p>\n<p><strong><u>Come richiedere le credenziali SPID<\/u><\/strong><\/p>\n<p>Le credenziali SPID possono essere richieste agli Identity Provider abilitati (per l\u2019elenco<a href=\"https:\/\/www.spid.gov.it\/cos-e-spid\/come-scegliere-tra-gli-idp\/\"><strong><u> cliccare qui<\/u><\/strong><\/a>). Tutte le informazioni in merito sono disponibili al seguente link:<\/p>\n<p><a href=\"https:\/\/www.spid.gov.it\/cos-e-spid\/come-attivare-spid\/\"><strong>https:\/\/www.spid.gov.it\/cos-e-spid\/come-attivare-spid\/<\/strong><\/a><strong>\u00a0<\/strong><\/p>\n<p>Durante la procedura di richiesta di SPID e, in particolare, durante il processo di identificazione, i gestori di identit\u00e0 digitali chiederanno l\u2019esibizione di un documento di identit\u00e0 italiano in corso di validit\u00e0 e del <strong>certificato di attribuzione del codice fiscale<\/strong> rilasciato dall\u2019autorit\u00e0 consolare di competenza per i cittadini italiani residenti all\u2019estero e iscritti AIRE (per maggiori informazioni sul codice fiscale e su come farne richiesta, si prega di <a href=\"https:\/\/ambmascate.esteri.it\/ambasciata_mascate\/it\/informazioni_e_servizi\/servizi_consolari\/codice-fiscale.html\"><strong>cliccare qui<\/strong><\/a>).<\/p>\n<p>Si ricorda che l\u2019Ufficio Consolare dell\u2019Ambasciata d\u2019Italia a Mascate \u00e8 competente per il rilascio del codice fiscale ai soli residenti in questa circoscrizione,<\/p>\n<p><strong><u>Anche i cittadini residenti all\u2019estero possono richiedere le credenziali SPID.<\/u><\/strong><\/p>\n<p>Si attira l&#8217;attenzione sul fatto che alcuni Identity Provider prevedono forme di riconoscimento orientate a facilitare il rilascio delle credenziali SPID agli italiani residenti all&#8217;estero attraverso il riconoscimento del richiedente de visu via webcam gratuitamente o a pagamento.<\/p>\n<p>Per ulteriori informazioni si rimanda al sito istituzionale <a href=\"http:\/\/www.spid.gov.it\/\">www.spid.gov.it<\/a> .<\/p>\n<p>&nbsp;<\/p>\n","protected":false},"excerpt":{"rendered":"Che cos\u2019\u00e8 SPID Il Sistema Pubblico di Identit\u00e0 Digitale (SPID) \u00e8 la chiave di accesso ai servizi digitali delle amministrazioni locali e centrali (Comuni, Agenzia delle Entrate, INPS, etc.). Permette di effettuare online un buon numero di pratiche amministrative e fiscali, nonch\u00e9 scaricare importanti documenti personali quali visure catastali, certificati di iscrizione AIRE etc. &nbsp; [&hellip;]","protected":false},"author":4,"featured_media":0,"parent":47,"menu_order":0,"comment_status":"closed","ping_status":"closed","template":"","meta":{"footnotes":""},"class_list":["post-387","page","type-page","status-publish","hentry"],"_links":{"self":[{"href":"https:\/\/ambmascate.esteri.it\/it\/wp-json\/wp\/v2\/pages\/387","targetHints":{"allow":["GET"]}}],"collection":[{"href":"https:\/\/ambmascate.esteri.it\/it\/wp-json\/wp\/v2\/pages"}],"about":[{"href":"https:\/\/ambmascate.esteri.it\/it\/wp-json\/wp\/v2\/types\/page"}],"author":[{"embeddable":true,"href":"https:\/\/ambmascate.esteri.it\/it\/wp-json\/wp\/v2\/users\/4"}],"replies":[{"embeddable":true,"href":"https:\/\/ambmascate.esteri.it\/it\/wp-json\/wp\/v2\/comments?post=387"}],"version-history":[{"count":0,"href":"https:\/\/ambmascate.esteri.it\/it\/wp-json\/wp\/v2\/pages\/387\/revisions"}],"up":[{"embeddable":true,"href":"https:\/\/ambmascate.esteri.it\/it\/wp-json\/wp\/v2\/pages\/47"}],"wp:attachment":[{"href":"https:\/\/ambmascate.esteri.it\/it\/wp-json\/wp\/v2\/media?parent=387"}],"curies":[{"name":"wp","href":"https:\/\/api.w.org\/{rel}","templated":true}]}}