{"id":4249,"date":"2025-07-21T09:44:52","date_gmt":"2025-07-21T07:44:52","guid":{"rendered":"https:\/\/ambmascate.esteri.it\/?page_id=4249"},"modified":"2025-07-21T10:08:01","modified_gmt":"2025-07-21T08:08:01","slug":"lavoro-autonomo-nomadi-digitali","status":"publish","type":"page","link":"https:\/\/ambmascate.esteri.it\/it\/servizi-consolari-e-visti\/servizi-per-il-cittadino-straniero\/visti\/lavoro-autonomo-nomadi-digitali\/","title":{"rendered":"Lavoro autonomo &#8211; Nomadi digitali"},"content":{"rendered":"<p>Il \u201cnomade digitale\u201d \u00e8 lo straniero che svolger\u00e0 attivit\u00e0 di lavoro autonomo attraverso l\u2019utilizzo di strumenti tecnologici che gli consentiranno di lavorare da remoto. Per soggiorni sopra i 90 giorni (tipo D), il richiedente puo\u2019 presentare i documenti all\u2019Ambasciata Italiana. Per soggiorni sotto i 90 giorni, il visto e\u2019 necessario anche per stranieri normalmente esentati dall\u2019obbligo di visto.<\/p>\n<p><a href=\"https:\/\/ambmascate.esteri.it\/wp-content\/uploads\/2025\/07\/nomadi-digitali-lavoro-automo.pdf\">Check-list<\/a><\/p>\n","protected":false},"excerpt":{"rendered":"Il \u201cnomade digitale\u201d \u00e8 lo straniero che svolger\u00e0 attivit\u00e0 di lavoro autonomo attraverso l\u2019utilizzo di strumenti tecnologici che gli consentiranno di lavorare da remoto. Per soggiorni sopra i 90 giorni (tipo D), il richiedente puo\u2019 presentare i documenti all\u2019Ambasciata Italiana. Per soggiorni sotto i 90 giorni, il visto e\u2019 necessario anche per stranieri normalmente esentati [&hellip;]","protected":false},"author":1,"featured_media":0,"parent":89,"menu_order":4,"comment_status":"closed","ping_status":"closed","template":"","meta":{"footnotes":""},"class_list":["post-4249","page","type-page","status-publish","hentry"],"_links":{"self":[{"href":"https:\/\/ambmascate.esteri.it\/it\/wp-json\/wp\/v2\/pages\/4249","targetHints":{"allow":["GET"]}}],"collection":[{"href":"https:\/\/ambmascate.esteri.it\/it\/wp-json\/wp\/v2\/pages"}],"about":[{"href":"https:\/\/ambmascate.esteri.it\/it\/wp-json\/wp\/v2\/types\/page"}],"author":[{"embeddable":true,"href":"https:\/\/ambmascate.esteri.it\/it\/wp-json\/wp\/v2\/users\/1"}],"replies":[{"embeddable":true,"href":"https:\/\/ambmascate.esteri.it\/it\/wp-json\/wp\/v2\/comments?post=4249"}],"version-history":[{"count":1,"href":"https:\/\/ambmascate.esteri.it\/it\/wp-json\/wp\/v2\/pages\/4249\/revisions"}],"predecessor-version":[{"id":4257,"href":"https:\/\/ambmascate.esteri.it\/it\/wp-json\/wp\/v2\/pages\/4249\/revisions\/4257"}],"up":[{"embeddable":true,"href":"https:\/\/ambmascate.esteri.it\/it\/wp-json\/wp\/v2\/pages\/89"}],"wp:attachment":[{"href":"https:\/\/ambmascate.esteri.it\/it\/wp-json\/wp\/v2\/media?parent=4249"}],"curies":[{"name":"wp","href":"https:\/\/api.w.org\/{rel}","templated":true}]}}