{"id":4261,"date":"2025-07-21T09:50:48","date_gmt":"2025-07-21T07:50:48","guid":{"rendered":"https:\/\/ambmascate.esteri.it\/?page_id=4261"},"modified":"2025-07-21T10:02:01","modified_gmt":"2025-07-21T08:02:01","slug":"lavoro-subordinato-lavoratori-da-remoto","status":"publish","type":"page","link":"https:\/\/ambmascate.esteri.it\/it\/servizi-consolari-e-visti\/servizi-per-il-cittadino-straniero\/visti\/lavoro-subordinato-lavoratori-da-remoto\/","title":{"rendered":"Lavoro subordinato &#8211; Lavoratori da remoto"},"content":{"rendered":"<p>Il \u201clavoratore da remoto\u201d \u00e8 lo straniero che, attraverso l\u2019utilizzo di strumenti tecnologici che consentono di lavorare da remoto, svolger\u00e0 attivit\u00e0 di lavoro subordinato o di collaborazione secondo le modalit\u00e0 di cui all\u2019articolo 2, comma 1, del decreto legislativo 15 giugno 2015, n. 81. Il datore di lavoro o il committente potranno avere la Sede legale in Italia oppure all\u2019estero. Per soggiorni sopra i 90 giorni (tipo D), il richiedente puo\u2019 presentare i documenti all\u2019Ambasciata Italiana. Per soggiorni sotto i 90 giorni, il visto e\u2019 necessario anche per stranieri normalmente esentati dall\u2019obbligo di visto.<\/p>\n<p><a href=\"https:\/\/ambmascate.esteri.it\/wp-content\/uploads\/2025\/07\/lavoro-da-remoto-lavoro-subordinato.pdf\">Check-list<\/a><\/p>\n","protected":false},"excerpt":{"rendered":"Il \u201clavoratore da remoto\u201d \u00e8 lo straniero che, attraverso l\u2019utilizzo di strumenti tecnologici che consentono di lavorare da remoto, svolger\u00e0 attivit\u00e0 di lavoro subordinato o di collaborazione secondo le modalit\u00e0 di cui all\u2019articolo 2, comma 1, del decreto legislativo 15 giugno 2015, n. 81. Il datore di lavoro o il committente potranno avere la Sede [&hellip;]","protected":false},"author":1,"featured_media":0,"parent":89,"menu_order":2,"comment_status":"closed","ping_status":"closed","template":"","meta":{"footnotes":""},"class_list":["post-4261","page","type-page","status-publish","hentry"],"_links":{"self":[{"href":"https:\/\/ambmascate.esteri.it\/it\/wp-json\/wp\/v2\/pages\/4261","targetHints":{"allow":["GET"]}}],"collection":[{"href":"https:\/\/ambmascate.esteri.it\/it\/wp-json\/wp\/v2\/pages"}],"about":[{"href":"https:\/\/ambmascate.esteri.it\/it\/wp-json\/wp\/v2\/types\/page"}],"author":[{"embeddable":true,"href":"https:\/\/ambmascate.esteri.it\/it\/wp-json\/wp\/v2\/users\/1"}],"replies":[{"embeddable":true,"href":"https:\/\/ambmascate.esteri.it\/it\/wp-json\/wp\/v2\/comments?post=4261"}],"version-history":[{"count":1,"href":"https:\/\/ambmascate.esteri.it\/it\/wp-json\/wp\/v2\/pages\/4261\/revisions"}],"predecessor-version":[{"id":4268,"href":"https:\/\/ambmascate.esteri.it\/it\/wp-json\/wp\/v2\/pages\/4261\/revisions\/4268"}],"up":[{"embeddable":true,"href":"https:\/\/ambmascate.esteri.it\/it\/wp-json\/wp\/v2\/pages\/89"}],"wp:attachment":[{"href":"https:\/\/ambmascate.esteri.it\/it\/wp-json\/wp\/v2\/media?parent=4261"}],"curies":[{"name":"wp","href":"https:\/\/api.w.org\/{rel}","templated":true}]}}