{"id":49,"date":"2023-06-04T10:00:11","date_gmt":"2023-06-04T08:00:11","guid":{"rendered":"https:\/\/ambasciatapraga.esteri.it\/?page_id=49"},"modified":"2026-02-22T09:43:50","modified_gmt":"2026-02-22T08:43:50","slug":"passaporti-e-carte-didentita","status":"publish","type":"page","link":"https:\/\/ambmascate.esteri.it\/it\/servizi-consolari-e-visti\/servizi-per-il-cittadino-italiano\/passaporti-e-carte-didentita\/","title":{"rendered":"Passaporti e Carte d\u2019identit\u00e0"},"content":{"rendered":"<p>E\u2019 stata avviata presso l\u2019Ambasciata l\u2019erogazione della carta d\u2019identit\u00e0 elettronica (CIE). L\u2019emissione della carta d\u2019identit\u00e0 elettronica tramite questi uffici \u00e8 riservata ai soli connazionali regolarmente iscritti AIRE residenti in questa circoscrizione consolare. Per i nati all\u2019estero, l\u2019emissione della carta d\u2019identit\u00e0 \u00e8 possibile solo se la trascrizione dell\u2019atto di nascita in Italia \u00e8 gi\u00e0 stata perfezionata.<\/p>\n<p>La CIE potr\u00e0 essere richiesta previo appuntamento. L\u2019Ambasciata si occuper\u00e0 della rilevazione dei dati biometrici del richiedente, mentre la CIE verr\u00e0 prodotta in Italia presso l\u2019Istituto Poligrafico e Zecca dello Stato e successivamente spedita direttamente presso l\u2019abitazione del richiedente.<\/p>\n<p>REQUISITI:<br \/>\n\u2013 obbligo di possesso del codice fiscale validato dall\u2019Agenzia delle Entrate;<br \/>\n\u2013 cittadinanza italiana;<br \/>\n\u2013 per i richiedenti nati all\u2019estero: l\u2019atto di nascita deve gi\u00e0 essere stato trascritto presso il Comune italiano;<br \/>\n\u2013 iscrizione all\u2019AIRE nella circoscrizione di Mascate.<\/p>\n<p>La CIE potr\u00e0 essere richiesta compilando il <a href=\"https:\/\/ambmascate.esteri.it\/wp-content\/uploads\/2024\/07\/Modello-_richiesta-CIE-maggiorenne_-2024-1.pdf\">modello CIE<\/a> e inviarlo per email a questo Ufficio Consolare (<a href=\"mailto:consolare.mascate@esteri.i\">consolare.mascate@esteri.it<\/a>).<\/p>\n<p>N.B.: chi \u00e8 in possesso di una carta d\u2019identit\u00e0 cartacea in corso di validit\u00e0, potr\u00e0 richiedere la CIE solo se la scadenza residua \u00e8 inferiore a 6 mesi.<\/p>\n<p>Resta ferma per i cittadini iscritti all\u2019AIRE, a decorrere dal 1\u00b0 giugno 2026, la facolt\u00e0 di presentare domanda di rilascio della carta d&#8217;identit\u00e0 elettronica presso qualsiasi Comune italiano.<\/p>\n<p>&nbsp;<\/p>\n<p><strong>Il rilascio del passaporto potr\u00e0 essere richiesto nei seguenti casi:<\/strong><\/p>\n<ul>\n<li>Primo rilascio a seguito di\u00a0<strong>nascita nel territorio dello Stato dell\u2019Oman<\/strong>, a seguito di trascrizione dell\u2019atto di nascita e iscrizione all\u2019anagrafe AIRE della Sede;<\/li>\n<li>Primo rilascio a seguito di<strong>\u00a0riconoscimento di cittadinanza italiana<\/strong>\u00a0<em>jure sanguinis<\/em>\u00a0o di acquisizione di cittadinanza italiana per matrimonio;<\/li>\n<li>a causa dell\u2019<strong>esaurimento delle pagine <\/strong>del\u00a0libretto del passaporto in corso di validit\u00e0;<\/li>\n<li>a causa del\u00a0<strong>deterioramento<\/strong>\u00a0del passaporto in corso di validit\u00e0;<\/li>\n<li>a seguito di\u00a0<strong>furto o smarrimento<\/strong> del passaporto in corso di validit\u00e0 comprovato da denuncia alle competenti autorit\u00e0 di polizia omanite e successivamente alle opportune verifiche da parte dell\u2019Ambasciata;<\/li>\n<li>a causa della\u00a0<strong>prossima scadenza<\/strong>\u00a0del passaporto attuale (validit\u00e0 residua di\u00a0<strong>non oltre sei mesi<\/strong>).<\/li>\n<\/ul>\n<p><strong>Per la documentazione richiesta per il rilascio del passaporto consulta le seguenti categorie:<\/strong><\/p>\n<ul>\n<li><u>passaporto per maggiorenni <\/u><\/li>\n<li><u>passaporto per minori<\/u><\/li>\n<li><u>dichiarazione di accompagnamento<\/u><\/li>\n<li><u>emergency travel document<\/u><\/li>\n<li><u>carta d\u2019identit\u00e0<\/u><\/li>\n<\/ul>\n<p><strong>Passaporto per maggiorenni <\/strong><\/p>\n<p>Documentazione richiesta:<\/p>\n<ul>\n<li><a href=\"https:\/\/ambmascate.esteri.it\/wp-content\/uploads\/2025\/11\/FORMULARIO-RICHIESTA-SERVIZIO-CONSOLARE.pdf\">Formulario richiesta servizio consolare:<\/a><\/li>\n<li><a href=\"https:\/\/ambmascate.esteri.it\/wp-content\/uploads\/2025\/11\/Domanda-rilascio-maggiorenne.pdf\">Domanda rilascio maggiorenne;<\/a><\/li>\n<li><a href=\"https:\/\/ambmascate.esteri.it\/wp-content\/uploads\/2025\/11\/Motivazione-richiesta-rilascio-passaporto-ETD.pdf\">Motivazione richiesta passaporto-ETD;<\/a><\/li>\n<li><a href=\"https:\/\/ambmascate.esteri.it\/wp-content\/uploads\/2025\/11\/Dichiarazione-assenza-ostativa-passaporto-ETD.pdf\">Dichiarazione assenza ostativa passaporto-ETD;<\/a><\/li>\n<li>Passaporto precedente o, se si tratta di primo passaporto, un documento d\u2019identit\u00e0 italiano (carta di identit\u00e0) o straniero (passaporto), munito di foto e firma. Se il passaporto \u00e8 stato smarrito\/rubato \u00e8 necessario presentare\u00a0denuncia presso le competenti Autorit\u00e0 omanite;<\/li>\n<li>Una fotografia formato fototessera 35x40mm recente, a colori su sfondo bianco, in posizione frontale, a viso scoperto, con gli occhi aperti, evitando che la montatura degli occhiali copra i tratti salienti del viso (<a href=\"https:\/\/ambmascate.esteri.it\/wp-content\/uploads\/2023\/06\/photograph_guidelines_it.pdf\">linee guida foto<\/a>).<\/li>\n<\/ul>\n<p>La suddetta documentazione deve essere inviata via posta elettronica all\u2019Ufficio consolare (<a href=\"mailto:consolare.mascate@esteri.it\">consolare.mascate@esteri.it<\/a>)<\/p>\n<p><strong>Passaporto per minori<\/strong><\/p>\n<p><u>I minori di anni 12 sono esentati dall\u2019acquisizione di impronte digitali e firma digitale.<\/u><\/p>\n<p>Documentazione richiesta:<\/p>\n<ul>\n<li>\u00c8 necessario che l\u2019atto di nascita del minore sia stato registrato presso il\u00a0<a href=\"http:\/\/servizidemografici.interno.it\/?metodo=homePage&amp;servizio=navigazione\">Comune di iscrizione AIRE<\/a>\u00a0di uno dei genitori, direttamente in Italia o attraverso il Consolato\/Ambasciata competente per luogo di nascita;<\/li>\n<li><a href=\"https:\/\/ambmascate.esteri.it\/wp-content\/uploads\/2025\/11\/FORMULARIO-RICHIESTA-SERVIZIO-CONSOLARE.pdf\">Formulario richiesta servizio consolare<\/a><\/li>\n<li><a href=\"https:\/\/ambmascate.esteri.it\/wp-content\/uploads\/2025\/11\/Motivazione-richiesta-rilascio-passaporto-ETD.pdf\">Motivazione richiesta passaporto-ETD<\/a>;<\/li>\n<li><a href=\"https:\/\/ambmascate.esteri.it\/wp-content\/uploads\/2025\/11\/Richiesta-passaporto-minorenni.pdf\">Richiesta passaporto minorenni :<\/a><\/li>\n<li>Passaporto precedente o, se si tratta di primo passaporto, un documento d\u2019identit\u00e0 italiano (carta di identit\u00e0) o straniero (passaporto), munito di foto e firma. Se il passaporto \u00e8 stato smarrito\/rubato \u00e8 necessario presentare\u00a0denuncia presso le competenti Autorit\u00e0 omanite;<\/li>\n<li>Una fotografia formato fototessera 35x40mm recente, a colori su sfondo bianco, in posizione frontale, a viso scoperto, con gli occhi aperti, evitando che la montatura degli occhiali copra i tratti salienti del viso (<a href=\"https:\/\/ambmascate.esteri.it\/wp-content\/uploads\/2023\/06\/photograph_guidelines_it.pdf\">linee guida foto<\/a>).<\/li>\n<li><a href=\"https:\/\/ambmascate.esteri.it\/wp-content\/uploads\/2025\/11\/DICHIARAZIONE-DI-ASSENSO-congiunto-per-figli-minori-1.pdf\">Dichiarazione di assenso congiunto<\/a> per figli minori scritta di entrambi i genitori\u00a0(da rilasciare in calce al formulario di richiesta oppure con apposito\u00a0atto di Assenso), unitamente ai relativi documenti d\u2019identit\u00e0 con firma e foto (anche in fotocopia), \u00e8 indispensabile per il rilascio del passaporto per il minore. L\u2019assenso di entrambi i genitori \u00e8 necessario in tutti i casi, anche qualora non siano sposati, siano separati o divorziati. Se uno dei genitori \u00e8 di cittadinanza non Comunitaria, il modulo di richiesta va firmato alla presenza del funzionario del Consolato, previa esibizione di un documento d\u2019identit\u00e0.<\/li>\n<\/ul>\n<p>La suddetta documentazione deve essere inviata via posta elettronica all\u2019Ufficio consolare (<a href=\"mailto:consolare.mascate@esteri.it\">consolare.mascate@esteri.it<\/a>)<\/p>\n<p><strong>\u00a0Attenzione!<\/strong><\/p>\n<p>La Dichiarazione di assenso congiunto per figli minori firmata dell\u2019altro genitore \u00e8 indispensabile. Questo documento \u00e8 necessario anche in caso di coppie non sposate, separate o divorziate e anche se i figli minori sono gi\u00e0 titolari di passaporto individuale. Le disposizioni che si applicano sono le seguenti:<\/p>\n<ul>\n<li>Se l\u2019altro genitore NON \u00e8 cittadino UE, dovr\u00e0 presentarsi all\u2019appuntamento insieme al genitore cittadino e firmare l\u2019Atto di assenso di fronte al personale del Consolato, che ne autenticher\u00e0 la firma. Se \u00e8 in Italia o all\u2019estero, l\u2019Atto di assenso dovr\u00e0 essere firmato alla presenza di un Pubblico Ufficiale in Italia (es. Questura) oppure presso l\u2019Ambasciata o un Consolato italiano nel Paese dove si trova;<\/li>\n<li>Se l\u2019altro genitore \u00e8 cittadino UE e non \u00e8 in grado di presentarsi di persona (poich\u00e9 fuori dal Sultanato dell\u2019Oman), dovr\u00e0 presentare l\u2019Atto di\u00a0assenso per posta, per via telematica (PEC o posta elettronica ordinaria) o per fax, unitamente a una copia del proprio documento di identit\u00e0;<\/li>\n<li>In caso di\u00a0decesso dell\u2019altro genitore, si dovr\u00e0 presentare una copia originale del certificato di morte. Se il decesso \u00e8 avvenuto in un Paese diverso dall\u2019Italia, il certificato di morte deve essere presentato esclusivamente con traduzione legalizzata in italiano o in formato multilingue;<\/li>\n<li>Se non \u00e8 possibile ottenere l\u2019assenso da parte dell\u2019altro genitore, l\u2019emissione del passaporto potr\u00e0 avvenire solo per ragioni che dovranno essere provate da motivazioni solide e con adeguata documentazione, a seguito di un apposito decreto emesso dal Giudice tutelare. L\u2019Ambasciatore esercita le funzioni di Giudice tutelare per i minori iscritti all\u2019AIRE in questa circoscrizione consolare. Se invece il minore non \u00e8 iscritto all\u2019AIRE, \u00e8 competente il Tribunale dei Minori del Comune di residenza.<\/li>\n<\/ul>\n<p>Per ulteriori informazioni sui passaporti consulta la pagina dedicata all\u2019argomento nel sito del\u00a0<a href=\"http:\/\/www.esteri.it\/mae\/it\/italiani_nel_mondo\/serviziconsolari\/documenti_di_viaggio\/passaporto.html\">Ministero degli Affari Esteri e della Cooperazione Internazionale<\/a>.<\/p>\n<p>&nbsp;<\/p>\n<p>&nbsp;<\/p>\n","protected":false},"excerpt":{"rendered":"E\u2019 stata avviata presso l\u2019Ambasciata l\u2019erogazione della carta d\u2019identit\u00e0 elettronica (CIE). L\u2019emissione della carta d\u2019identit\u00e0 elettronica tramite questi uffici \u00e8 riservata ai soli connazionali regolarmente iscritti AIRE residenti in questa circoscrizione consolare. Per i nati all\u2019estero, l\u2019emissione della carta d\u2019identit\u00e0 \u00e8 possibile solo se la trascrizione dell\u2019atto di nascita in Italia \u00e8 gi\u00e0 stata perfezionata. [&hellip;]","protected":false},"author":1,"featured_media":0,"parent":47,"menu_order":0,"comment_status":"closed","ping_status":"closed","template":"","meta":{"footnotes":""},"class_list":["post-49","page","type-page","status-publish","hentry"],"_links":{"self":[{"href":"https:\/\/ambmascate.esteri.it\/it\/wp-json\/wp\/v2\/pages\/49","targetHints":{"allow":["GET"]}}],"collection":[{"href":"https:\/\/ambmascate.esteri.it\/it\/wp-json\/wp\/v2\/pages"}],"about":[{"href":"https:\/\/ambmascate.esteri.it\/it\/wp-json\/wp\/v2\/types\/page"}],"author":[{"embeddable":true,"href":"https:\/\/ambmascate.esteri.it\/it\/wp-json\/wp\/v2\/users\/1"}],"replies":[{"embeddable":true,"href":"https:\/\/ambmascate.esteri.it\/it\/wp-json\/wp\/v2\/comments?post=49"}],"version-history":[{"count":8,"href":"https:\/\/ambmascate.esteri.it\/it\/wp-json\/wp\/v2\/pages\/49\/revisions"}],"predecessor-version":[{"id":5037,"href":"https:\/\/ambmascate.esteri.it\/it\/wp-json\/wp\/v2\/pages\/49\/revisions\/5037"}],"up":[{"embeddable":true,"href":"https:\/\/ambmascate.esteri.it\/it\/wp-json\/wp\/v2\/pages\/47"}],"wp:attachment":[{"href":"https:\/\/ambmascate.esteri.it\/it\/wp-json\/wp\/v2\/media?parent=49"}],"curies":[{"name":"wp","href":"https:\/\/api.w.org\/{rel}","templated":true}]}}