{"id":67,"date":"2023-06-04T10:17:44","date_gmt":"2023-06-04T08:17:44","guid":{"rendered":"https:\/\/ambasciatapraga.esteri.it\/?page_id=67"},"modified":"2025-12-09T06:46:45","modified_gmt":"2025-12-09T05:46:45","slug":"emergency-travel-documents-etd","status":"publish","type":"page","link":"https:\/\/ambmascate.esteri.it\/it\/servizi-consolari-e-visti\/servizi-per-il-cittadino-italiano\/emergency-travel-documents-etd\/","title":{"rendered":"Emergency Travel Documents (ETD)"},"content":{"rendered":"<p><strong>E.T.D. \u2013 Emergency Travel Document<\/strong><\/p>\n<p>Se il passaporto o il documento di viaggio di un cittadino italiano e dell\u2019UE \u00e8 stato smarrito, rubato o distrutto, l\u2019Ufficio consolare pu\u00f2 rilasciare l\u2019EU Emergency Travel Document (ETD UE), un documento di viaggio provvisorio la cui validit\u00e0 \u00e8 pari alla durata del viaggio per il quale \u00e8 stato rilasciato, limitatamente al tempo strettamente necessario per il solo rientro in Italia, nel Paese ove si abbia la residenza AIRE o nello Stato membro di cui il richiedente \u00e8 cittadino. Ai fini del rilascio, \u00e8 necessaria la presenza in Ambasciata del richiedente (neonati e minori compresi).<\/p>\n<p><strong>\u00c8 fatto obbligo al beneficiario di un ETD UE di restituire il documento, che sia o meno scaduto, all\u2019arrivo a destinazione presso la polizia di frontiera o ad altro posto di polizia ovvero all\u2019Ufficio consolare territorialmente competente per la Circoscrizione di residenza nel Paese di destinazione.<\/strong><\/p>\n<p><strong>DOCUMENTAZIONE NECESSARIA<\/strong><\/p>\n<ul>\n<li><a href=\"https:\/\/ambmascate.esteri.it\/wp-content\/uploads\/2025\/12\/Modulo-EU-ETD.pdf\">Modulo richiesta ETD UE<\/a> correttamente compilato e stampato;<\/li>\n<li>Dichiarazione di furto o smarrimento del passaporto o di altro documento di viaggio resa all&#8217;Ufficio consolare;<\/li>\n<li>Denuncia del furto o dello smarrimento o della distruzione del passaporto o di altro documento di viaggio alle locali autorit\u00e0 di polizia;<\/li>\n<li>Copia stampata di carta d\u2019identit\u00e0 o passaporto o patente di guida. In mancanza di un qualsiasi documento di identificazione, \u00e8 necessaria la presenza di un testimone, munito a sua volta di documento d\u2019identit\u00e0, che sia in grado di identificare il richiedente sotto la propria responsabilit\u00e0;<\/li>\n<li>Recente fototessera conforme alla normativa ICAO;<\/li>\n<li>Titolo di viaggio.<\/li>\n<\/ul>\n<p><strong>DOCUMENTAZIONE NECESSARIA PER MINORENNI:<\/strong><\/p>\n<ul>\n<li><a href=\"https:\/\/ambmascate.esteri.it\/wp-content\/uploads\/2025\/12\/Modulo-EU-ETD.pdf\">Modulo richiesta ETD UE)<\/a>correttamente compilato e stampato (entrambi i genitori dovranno apporre la firma);\n<ul>\n<li>Se il padre non ha riconosciuto la nascita del figlio, \u00e8 obbligatorio esibire copia dell\u2019atto di nascita ove si evinca la mancanza del nome del padre oppure altra certificazione rilasciata dal Comune attestante l\u2019assenza del padre;<\/li>\n<li>Se uno dei due genitori \u00e8 defunto, \u00e8 obbligatorio esibire copia dell\u2019atto di morte oppure altra certificazione rilasciata dal Comune attestante la morte;<\/li>\n<li><strong>Se\u00a0uno dei genitori non \u00e8 cittadino europeo, dovr\u00e0 autenticare la propria firma <\/strong>recandosi in Ambasciata munito di passaporto originale;<\/li>\n<\/ul>\n<\/li>\n<li>Originale o copia di passaporto o carta d\u2019identit\u00e0 di entrambi i genitori;<\/li>\n<li>Dichiarazione di furto o smarrimento del passaporto o di altro documento di viaggio resa all&#8217;Ufficio consolare;<\/li>\n<li>Denuncia del furto o dello smarrimento o della distruzione del passaporto o di altro documento di viaggio alle locali autorit\u00e0 di polizia;<\/li>\n<li>Copia stampata di carta d\u2019identit\u00e0 o passaporto o patente di guida. In mancanza di un qualsiasi documento di identificazione, \u00e8 necessaria la presenza di un testimone, munito a sua volta di documento d\u2019identit\u00e0, che sia in grado di identificare il richiedente sotto la propria responsabilit\u00e0;<\/li>\n<li>Recente fototessera conforme alla normativa ICAO;<\/li>\n<li>Titolo di viaggio.<\/li>\n<\/ul>\n<p>L\u2019ETD UE \u00e8 rilasciato <strong>gratuitamente<\/strong>, salvo rimborso del solo costo dello stampato a valore.<\/p>\n<p>&nbsp;<\/p>\n","protected":false},"excerpt":{"rendered":"E.T.D. \u2013 Emergency Travel Document Se il passaporto o il documento di viaggio di un cittadino italiano e dell\u2019UE \u00e8 stato smarrito, rubato o distrutto, l\u2019Ufficio consolare pu\u00f2 rilasciare l\u2019EU Emergency Travel Document (ETD UE), un documento di viaggio provvisorio la cui validit\u00e0 \u00e8 pari alla durata del viaggio per il quale \u00e8 stato rilasciato, [&hellip;]","protected":false},"author":1,"featured_media":0,"parent":47,"menu_order":2,"comment_status":"closed","ping_status":"closed","template":"","meta":{"footnotes":""},"class_list":["post-67","page","type-page","status-publish","hentry"],"_links":{"self":[{"href":"https:\/\/ambmascate.esteri.it\/it\/wp-json\/wp\/v2\/pages\/67","targetHints":{"allow":["GET"]}}],"collection":[{"href":"https:\/\/ambmascate.esteri.it\/it\/wp-json\/wp\/v2\/pages"}],"about":[{"href":"https:\/\/ambmascate.esteri.it\/it\/wp-json\/wp\/v2\/types\/page"}],"author":[{"embeddable":true,"href":"https:\/\/ambmascate.esteri.it\/it\/wp-json\/wp\/v2\/users\/1"}],"replies":[{"embeddable":true,"href":"https:\/\/ambmascate.esteri.it\/it\/wp-json\/wp\/v2\/comments?post=67"}],"version-history":[{"count":1,"href":"https:\/\/ambmascate.esteri.it\/it\/wp-json\/wp\/v2\/pages\/67\/revisions"}],"predecessor-version":[{"id":4677,"href":"https:\/\/ambmascate.esteri.it\/it\/wp-json\/wp\/v2\/pages\/67\/revisions\/4677"}],"up":[{"embeddable":true,"href":"https:\/\/ambmascate.esteri.it\/it\/wp-json\/wp\/v2\/pages\/47"}],"wp:attachment":[{"href":"https:\/\/ambmascate.esteri.it\/it\/wp-json\/wp\/v2\/media?parent=67"}],"curies":[{"name":"wp","href":"https:\/\/api.w.org\/{rel}","templated":true}]}}