{"id":71,"date":"2023-04-11T18:19:16","date_gmt":"2023-04-11T16:19:16","guid":{"rendered":"https:\/\/ambasciatapraga.esteri.it\/?page_id=71"},"modified":"2024-09-29T08:33:46","modified_gmt":"2024-09-29T06:33:46","slug":"servizi-notarili","status":"publish","type":"page","link":"https:\/\/ambmascate.esteri.it\/it\/servizi-consolari-e-visti\/servizi-per-il-cittadino-italiano\/servizi-notarili\/","title":{"rendered":"Servizi notarili e Autocertificazione"},"content":{"rendered":"<p><strong>NOTARILE<br \/>\n<\/strong><br \/>\nL\u2019Ufficio Notarile del Consolato \u00e8 deputato a ricevere gli atti tra vivi e quelli di ultima volont\u00e0, a curare il loro deposito ed a rilasciarne copie ed estratti.<br \/>\nIl servizio notarile \u00e8 dovuto ai cittadini italiani che si trovino all&#8217;estero in via permanente o temporanea.<\/p>\n<p><strong>AUTOCERTIFICAZIONE<\/strong><\/p>\n<p>Il 1 gennaio 2012 sono entrate in vigore le nuove disposizioni in materia di certificati e di dichiarazioni sostitutive, di cui all\u2019art. 15 della legge 12 novembre 2011 n. 183. A decorrere da tale data i certificati hanno pertanto validit\u00e0 solo nei rapporti tra privati, mentre le Amministrazioni Pubbliche non possono pi\u00f9 chiedere o accettare i certificati, che devono essere sempre sostituiti da autocertificazioni.<\/p>\n<p>Guida alle notifiche all\u2019estero in materia civile e commerciale<\/p>\n<p>\u00c8 disponibile la nuova guida alle notifiche all\u2019estero degli atti giudiziari ed extra-giudiziali in materia civile e commerciale, consultabile al seguente link: <a href=\"https:\/\/www.esteri.it\/wp-content\/uploads\/2024\/09\/Guida-Notifiche-civile_settembre-2024def.pdf\">Guida Notifiche<\/a>.<br \/>\nIl documento consentir\u00e0 ai cittadini e ai loro legali di verificare rapidamente le modalit\u00e0 operative e le formalit\u00e0 richieste da ogni singolo Paese straniero per la notifica degli atti, con l\u2019obiettivo di facilitare e velocizzare l\u2019iter procedurale e migliorare la collaborazione tra Uffici giudiziari in Italia, Autorit\u00e0 straniere e Rappresentanze diplomatico-consolari nel mondo.<br \/>\nGrazie alla nuova guida, cittadini e addetti ai lavori potranno contare su un nuovo strumento versatile e dinamico, che sar\u00e0 periodicamente aggiornato in stretta collaborazione con le Ambasciate italiane all\u2019estero, per un suo puntuale e capillare utilizzo da parte di tutti gli interessati.<\/p>\n","protected":false},"excerpt":{"rendered":"NOTARILE L\u2019Ufficio Notarile del Consolato \u00e8 deputato a ricevere gli atti tra vivi e quelli di ultima volont\u00e0, a curare il loro deposito ed a rilasciarne copie ed estratti. Il servizio notarile \u00e8 dovuto ai cittadini italiani che si trovino all&#8217;estero in via permanente o temporanea. AUTOCERTIFICAZIONE Il 1 gennaio 2012 sono entrate in vigore [&hellip;]","protected":false},"author":1,"featured_media":0,"parent":47,"menu_order":10,"comment_status":"closed","ping_status":"closed","template":"","meta":{"footnotes":""},"class_list":["post-71","page","type-page","status-publish","hentry"],"_links":{"self":[{"href":"https:\/\/ambmascate.esteri.it\/it\/wp-json\/wp\/v2\/pages\/71","targetHints":{"allow":["GET"]}}],"collection":[{"href":"https:\/\/ambmascate.esteri.it\/it\/wp-json\/wp\/v2\/pages"}],"about":[{"href":"https:\/\/ambmascate.esteri.it\/it\/wp-json\/wp\/v2\/types\/page"}],"author":[{"embeddable":true,"href":"https:\/\/ambmascate.esteri.it\/it\/wp-json\/wp\/v2\/users\/1"}],"replies":[{"embeddable":true,"href":"https:\/\/ambmascate.esteri.it\/it\/wp-json\/wp\/v2\/comments?post=71"}],"version-history":[{"count":1,"href":"https:\/\/ambmascate.esteri.it\/it\/wp-json\/wp\/v2\/pages\/71\/revisions"}],"predecessor-version":[{"id":3333,"href":"https:\/\/ambmascate.esteri.it\/it\/wp-json\/wp\/v2\/pages\/71\/revisions\/3333"}],"up":[{"embeddable":true,"href":"https:\/\/ambmascate.esteri.it\/it\/wp-json\/wp\/v2\/pages\/47"}],"wp:attachment":[{"href":"https:\/\/ambmascate.esteri.it\/it\/wp-json\/wp\/v2\/media?parent=71"}],"curies":[{"name":"wp","href":"https:\/\/api.w.org\/{rel}","templated":true}]}}