{"id":73,"date":"2023-04-11T18:19:45","date_gmt":"2023-04-11T16:19:45","guid":{"rendered":"https:\/\/ambasciatapraga.esteri.it\/?page_id=73"},"modified":"2026-04-08T12:20:17","modified_gmt":"2026-04-08T10:20:17","slug":"traduzione-e-legalizzazione-dei-documenti","status":"publish","type":"page","link":"https:\/\/ambmascate.esteri.it\/it\/servizi-consolari-e-visti\/servizi-per-il-cittadino-italiano\/traduzione-e-legalizzazione-dei-documenti\/","title":{"rendered":"Traduzione e legalizzazione dei documenti"},"content":{"rendered":"<p><strong>LEGALIZZAZIONE DI DOCUMENTI\u00a0<\/strong><\/p>\n<p>L\u2019Oman aderisce alla Convenzione dell\u2019Aja che sostituisce la legalizzazione con l\u2019apostille. L\u2019Autorita\u2019 competente e\u2019 il Ministero degli Esteri del Sultanato dell\u2019Oman.<\/p>\n<p>Qualora sia necessaria comunque la legalizzazione dei documenti emessi dalle Autorit\u00e0 omanite che devono essere fatti valere in Italia, essi devono essere preventivamente autenticati dal Ministero Affari Esteri locale, tradotti, ed infine presentati a questa Ambasciata per la legalizzazione e certificazione della traduzione.<\/p>\n<p>Invece, i documenti emessi in Italia da Enti italiani da far valere in Oman vanno previamente apostillati dalle competenti Autorit\u00e0 italiane ovvero da queste legalizzati e sottoposti all\u2019Ambasciata\/Consolato omanita in Italia per la legalizzazione consolare, senza il coinvolgimento dell\u2019Ambasciata d\u2019Italia a Mascate.<\/p>\n<p><strong>ELENCO DI\u00a0TRADUTTORI\u00a0E INTERPRETI A DISPOSIZIONE DELL\u2019UTENZA CONSOLARE<\/strong><\/p>\n<p>Si riportano nell&#8217;<a href=\"https:\/\/ambmascate.esteri.it\/wp-content\/uploads\/2023\/06\/elenco_traduttori_e_interpreti.pdf\">Elenco<\/a>\u00a0di seguito i nominativi e recapiti di alcuni traduttori e interpreti di cui potersi avvalere in caso di necessit\u00e0, ferma restando naturalmente la possibilit\u00e0 di rivolgersi ad altri professionisti di propria fiducia.<\/p>\n<p>Questo elenco deve considerarsi non esaustivo, in quanto \u00e8 stato definito in base alle richieste di inserimento avanzate dagli stessi professionisti, e pertanto in futuro potr\u00e0 annoverare altri nominativi.<\/p>\n<p>L\u2019Ambasciata non risponde della qualit\u00e0 del servizio prestato dagli stessi, del loro operato e delle tariffe praticate.<\/p>\n<p>I professionisti individuati possiedono l\u2019abilitazione legale all\u2019esercizio della professione e all\u2019iscrizione nel relativo albo o\/e ordine professionale e una conoscenza almeno dell\u2019inglese e dell\u2019arabo.<\/p>\n<p>I professionisti che intendano essere inseriti nel predetto elenco dovranno inviare apposita richiesta a questa Ambasciata all\u2019indirizzo email\u00a0<a href=\"mailto:consolare.mascate@esteri.it\">consolare.mascate@esteri.it<\/a>, corredandola di curriculum professionale, autocertificazione circa l\u2019abilitazione legale all\u2019esercizio della professione e iscrizione al relativo albo e circa l\u2019eventuale conoscenza della lingua italiana. Questa Ambasciata si riserva di accertare il possesso dei predetti requisiti.<\/p>\n<p><strong>DICHIARAZIONE DI VALORE &#8211; DOV\u00a0<\/strong><\/p>\n<p style=\"text-align: justify;\"><span style=\"font-size: 14.0pt; font-family: 'Garamond',serif; color: black;\">L&#8217;Ambasciata d&#8217;Italia a Muscat pu\u00f2 rilasciare una Dichiarazione di Valore (DoV) solo se l&#8217;universit\u00e0 dichiara esplicitamente di richiederla e non accetta il CIMEA. Inoltre, l&#8217;Ambasciata pu\u00f2 concederla solo se il certificato \u00e8 stato rilasciato da un istituto scolastico in Oman riconosciuto dalle autorit\u00e0 omanite competenti, ovvero il Ministero dell&#8217;Istruzione.<\/span><b><span style=\"font-size: 14.0pt; font-family: 'Garamond',serif; color: black;\">\u00a0<\/span><\/b><\/p>\n<p style=\"text-align: justify;\"><span style=\"font-size: 14.0pt; font-family: 'Garamond',serif; color: black;\">Una volta soddisfatte le condizioni sopra menzionate, per ottenere la Dichiarazione di Valore di un titolo di studio di scuola secondaria superiore (sistema educativo omanita di 12 anni di studio) o di un certificato universitario rilasciato in Oman, \u00e8 necessario presentare la seguente documentazione:<\/span><\/p>\n<p style=\"text-align: justify;\"><span style=\"font-size: 14.0pt; font-family: 'Garamond',serif; color: black;\">\u2022 <a href=\"https:\/\/ambmascate.esteri.it\/wp-content\/uploads\/2026\/02\/01-sample-Diploma.pdf\">Diploma di scuola superiore originale<\/a> (01 Esempio) o diploma universitario;<\/span><\/p>\n<p style=\"text-align: justify;\"><span style=\"font-size: 14.0pt; font-family: 'Garamond',serif; color: black;\">\u2022 <a href=\"https:\/\/ambmascate.esteri.it\/wp-content\/uploads\/2026\/02\/04-Sample-Transcript.pdf\">Trascrizione originale (04 Esempio)<\/a><\/span><\/p>\n<p style=\"text-align: justify;\"><span style=\"font-size: 14.0pt; font-family: 'Garamond',serif; color: black;\">\u2022 <a href=\"https:\/\/ambmascate.esteri.it\/wp-content\/uploads\/2026\/02\/02-Sample-letter-from-school-00000002.docx\">Lettera della scuola (02 Esempio)<\/a> o dell&#8217;universit\u00e0 che ha rilasciato il titolo\/diploma, completa di timbro, firma e data di rilascio. Si prega di compilare tutti i dati mancanti nella lettera di esempio, scegliendo un&#8217;opzione quando \u00e8 presente una &#8220;\/&#8221;. (documento in formato Word per una pi\u00f9 facile digitazione da parte della scuola\/universit\u00e0)<\/span><\/p>\n<p style=\"text-align: justify;\"><span style=\"font-size: 14.0pt; font-family: 'Garamond',serif; color: black;\">Tutta la documentazione di cui sopra deve essere legalizzata e apostillata dal Ministero degli Esteri dell&#8217;Oman (<a href=\"https:\/\/ambmascate.esteri.it\/wp-content\/uploads\/2026\/02\/05-Sample-Stamp-Apostille-by-Foreign-Ministry.pdf\">Modello 05)<\/a>. La stessa deve essere tradotta in italiano da un traduttore qualificato (elenco allegato solo a titolo di riferimento, sono accettati altri traduttori). Anche la traduzione deve essere legalizzata e apostillata dal Ministero degli Affari Esteri dell&#8217;Oman e, solo dopo aver completato questo adempimento, i documenti possono essere inviati in anticipo via email a <\/span><a href=\"mailto:consolare.mascate@esteri.it\"><span style=\"font-size: 14.0pt; font-family: 'Garamond',serif;\">consolare.mascate@esteri.it<\/span><\/a><span style=\"font-size: 14.0pt; font-family: 'Garamond',serif; color: black;\">. <\/span><\/p>\n<p style=\"text-align: justify;\"><span style=\"font-size: 14.0pt; font-family: 'Garamond',serif; color: black;\">Saranno inoltre richiesti i seguenti documenti:<\/span><\/p>\n<p style=\"text-align: justify;\"><span style=\"font-size: 14.0pt; font-family: 'Garamond',serif; color: black;\">\u2022 <a href=\"https:\/\/ambmascate.esteri.it\/wp-content\/uploads\/2026\/02\/Request-form.doc\">Modulo di richiesta<\/a> (allegato &#8211; da compilare e firmare dal richiedente);<\/span><\/p>\n<p style=\"text-align: justify;\"><span style=\"font-size: 14.0pt; font-family: 'Garamond',serif; color: black;\">\u2022 <a href=\"https:\/\/ambmascate.esteri.it\/wp-content\/uploads\/2026\/02\/03-Sample-Letter-from-the-Omani-Ministry-of-Education.pdf\">Lettera del Ministero dell&#8217;Istruzione dell&#8217;Oman<\/a> (modello 03) indicante il numero di anni di scuola primaria e secondaria completati;<\/span><\/p>\n<p style=\"text-align: justify;\"><span style=\"font-size: 14.0pt; font-family: 'Garamond',serif; color: black;\">\u2022 Lettera di accettazione dell&#8217;Universit\u00e0 italiana (nel caso in cui l&#8217;Universit\u00e0 la conceda solo dopo aver ottenuto il CIMEA o il DoV, \u00e8 richiesta una prova);<\/span><\/p>\n<p style=\"text-align: justify;\"><span style=\"font-size: 14.0pt; font-family: 'Garamond',serif; color: black;\">\u2022 Due foto recenti a colori, formato passaporto (sfondo bianco);<\/span><\/p>\n<p style=\"text-align: justify;\"><span style=\"font-size: 14.0pt; font-family: 'Garamond',serif; color: black;\">\u2022 Copia a colori del passaporto;<\/span><\/p>\n<p style=\"text-align: justify;\"><span style=\"font-size: 14.0pt; font-family: 'Garamond',serif; color: black;\">\u2022 <a href=\"https:\/\/ambmascate.esteri.it\/wp-content\/uploads\/2026\/02\/Form_A-inglese.pdf\">Modulo A compilato<\/a> in ogni sua parte.<\/span><\/p>\n<p style=\"text-align: justify;\"><span style=\"font-size: 14.0pt; font-family: 'Garamond',serif; color: black;\">Questa Ambasciata, accertata l&#8217;idoneit\u00e0 della documentazione, fisser\u00e0 un appuntamento per il rilascio della dichiarazione di valore.<\/span><span style=\"font-size: 14.0pt; font-family: 'Garamond',serif; color: black;\">\u00a0<\/span><\/p>\n<p style=\"text-align: justify;\"><span style=\"font-size: 14.0pt; font-family: 'Garamond',serif; color: black;\">Il giorno dell&#8217;appuntamento, l&#8217;interessato dovr\u00e0 presentare i documenti originali, che in ogni caso gli saranno restituiti immediatamente, e tutte le loro traduzioni nonch\u00e9 le traduzioni con Apostille\/legalizzazioni del Ministero degli Esteri dell&#8217;Oman.<\/span><\/p>\n<p>&nbsp;<\/p>\n","protected":false},"excerpt":{"rendered":"LEGALIZZAZIONE DI DOCUMENTI\u00a0 L\u2019Oman aderisce alla Convenzione dell\u2019Aja che sostituisce la legalizzazione con l\u2019apostille. L\u2019Autorita\u2019 competente e\u2019 il Ministero degli Esteri del Sultanato dell\u2019Oman. Qualora sia necessaria comunque la legalizzazione dei documenti emessi dalle Autorit\u00e0 omanite che devono essere fatti valere in Italia, essi devono essere preventivamente autenticati dal Ministero Affari Esteri locale, tradotti, ed [&hellip;]","protected":false},"author":1,"featured_media":0,"parent":47,"menu_order":14,"comment_status":"closed","ping_status":"closed","template":"","meta":{"footnotes":""},"class_list":["post-73","page","type-page","status-publish","hentry"],"_links":{"self":[{"href":"https:\/\/ambmascate.esteri.it\/it\/wp-json\/wp\/v2\/pages\/73","targetHints":{"allow":["GET"]}}],"collection":[{"href":"https:\/\/ambmascate.esteri.it\/it\/wp-json\/wp\/v2\/pages"}],"about":[{"href":"https:\/\/ambmascate.esteri.it\/it\/wp-json\/wp\/v2\/types\/page"}],"author":[{"embeddable":true,"href":"https:\/\/ambmascate.esteri.it\/it\/wp-json\/wp\/v2\/users\/1"}],"replies":[{"embeddable":true,"href":"https:\/\/ambmascate.esteri.it\/it\/wp-json\/wp\/v2\/comments?post=73"}],"version-history":[{"count":5,"href":"https:\/\/ambmascate.esteri.it\/it\/wp-json\/wp\/v2\/pages\/73\/revisions"}],"predecessor-version":[{"id":5231,"href":"https:\/\/ambmascate.esteri.it\/it\/wp-json\/wp\/v2\/pages\/73\/revisions\/5231"}],"up":[{"embeddable":true,"href":"https:\/\/ambmascate.esteri.it\/it\/wp-json\/wp\/v2\/pages\/47"}],"wp:attachment":[{"href":"https:\/\/ambmascate.esteri.it\/it\/wp-json\/wp\/v2\/media?parent=73"}],"curies":[{"name":"wp","href":"https:\/\/api.w.org\/{rel}","templated":true}]}}