{"id":89,"date":"2023-04-11T18:22:07","date_gmt":"2023-04-11T16:22:07","guid":{"rendered":"https:\/\/ambasciatapraga.esteri.it\/?page_id=89"},"modified":"2026-03-31T15:45:52","modified_gmt":"2026-03-31T13:45:52","slug":"visti","status":"publish","type":"page","link":"https:\/\/ambmascate.esteri.it\/it\/servizi-consolari-e-visti\/servizi-per-il-cittadino-straniero\/visti\/","title":{"rendered":"Visti"},"content":{"rendered":"<p><strong>PER GARANTIRE LA SICUREZZA, L&#8217;ACCESSO AI LOCALI DELL&#8217;AMBASCIATA DEI RICHIEDENTI VISTO E&#8217; CONSENTITO SOLO SU APPUNTAMENTO. GLI APPUNTAMENTI POSSONO ESSERE RICHIESTI SCRIVENDO AL CENTRO DI RACCOLTA DELLE DOMANDE DI VISTO GESTITO DA VFS GLOBAL\u00a0<a href=\"mailto:info.italyoman@vfshelpline.com\">info.italyoman@vfshelpline.com<\/a>\u00a0OPPURE ALL\u2019UFFICIO VISTI DELL\u2019AMBASCIATA\u00a0<a href=\"mailto:visti.mascate@esteri.it\">visti.mascate@esteri.it<\/a>.<\/strong><\/p>\n<p style=\"text-align: center;\">***<\/p>\n<p>&nbsp;<\/p>\n<p style=\"text-align: center;\"><strong>COME PRESENTARE LA DOMANDA DI VISTO IN 6 SEMPLICI PASSI<\/strong><\/p>\n<p>&nbsp;<\/p>\n<p><strong>1. QUANDO CHIEDERE UN VISTO SCHENGEN PER L\u2019ITALIA<\/strong><\/p>\n<p>I richiedenti visto Schengen possono fare richiesta di un visto per l\u2019Italia:<\/p>\n<p>1. quando l\u2019Italia \u00e8 l\u2019unico Paese destinazione del viaggio;<\/p>\n<p>2. qualora il viaggio interessi pi\u00f9 di un Paese Schengen e l\u2019Italia sia la destinazione principale del viaggio in termini di durata o di finalit\u00e0 del soggiorno;<\/p>\n<p>3. se la destinazione principale non pu\u00f2 essere determinata in base ai criteri dei punti a) e b), quando l\u2019Italia \u00e8 il Paese attraverso le cui frontiere esterne il richiedente intende entrare in area Schengen.<\/p>\n<p>&nbsp;<\/p>\n<p><strong>2. SCEGLI IL VISTO CORRETTO IN BASE ALLE TUE ESIGENZE E CONTROLLA QUALI SONO I DOUMENTI NECESSARI.<\/strong><\/p>\n<p>Scopri qual \u00e8 il visto corretto in base alle tue esigenze e informati su quali documenti preparare e dove poter presentare la domanda di visto, visitando le pagine relative alla seguenti sezioni:<\/p>\n<p>&nbsp;<\/p>\n<p>&nbsp;<\/p>\n<p>&nbsp;<\/p>\n<table class=\"table\">\n<tbody>\n<tr>\n<td><a href=\"https:\/\/ambmascate.esteri.it\/it\/servizi-consolari-e-visti\/servizi-per-il-cittadino-straniero\/visti\/turismo\/\">Turismo<\/a><\/td>\n<td><a href=\"https:\/\/ambmascate.esteri.it\/it\/servizi-consolari-e-visti\/servizi-per-il-cittadino-straniero\/visti\/affari\/\">Affari<\/a><\/td>\n<td><a href=\"https:\/\/ambmascate.esteri.it\/it\/servizi-consolari-e-visti\/servizi-per-il-cittadino-straniero\/visti\/studio\/\">Studio<\/a><\/td>\n<td><a href=\"https:\/\/ambmascate.esteri.it\/it\/servizi-consolari-e-visti\/servizi-per-il-cittadino-straniero\/visti\/cure-mediche\/\">Cure mediche<\/a><\/td>\n<\/tr>\n<tr>\n<td><a href=\"https:\/\/ambmascate.esteri.it\/it\/servizi-consolari-e-visti\/servizi-per-il-cittadino-straniero\/visti\/lavoro-subordinato\/\">Lavoro subordinato<\/a><\/td>\n<td><a href=\"https:\/\/ambmascate.esteri.it\/it\/servizi-consolari-e-visti\/servizi-per-il-cittadino-straniero\/visti\/lavoro-subordinato-lavoratori-da-remoto\/\">Lavoro subordinato \u2013 Lavoratori da remoto<\/a><\/td>\n<td><a href=\"https:\/\/ambmascate.esteri.it\/it\/servizi-consolari-e-visti\/servizi-per-il-cittadino-straniero\/visti\/lavoro-autonomo-nomadi-digitali\/\">Lavoro autonomo \u2013 Nomadi digitali<\/a><\/td>\n<td><a href=\"https:\/\/ambmascate.esteri.it\/it\/servizi-consolari-e-visti\/servizi-per-il-cittadino-straniero\/visti\/reingresso\/\">Reingresso Visa<\/a><\/td>\n<\/tr>\n<tr>\n<td><a href=\"https:\/\/ambmascate.esteri.it\/it\/servizi-consolari-e-visti\/servizi-per-il-cittadino-straniero\/visti\/ricongiungimento-familiare\/\">Ricongiungimento familiare<\/a><\/td>\n<td><a href=\"https:\/\/ambmascate.esteri.it\/it\/servizi-consolari-e-visti\/servizi-per-il-cittadino-straniero\/visti\/diplomatico\/\">Visti diplomatici e missione<\/a><\/td>\n<td><a href=\"https:\/\/ambmascate.esteri.it\/it\/servizi-consolari-e-visti\/servizi-per-il-cittadino-straniero\/visti\/visto-per-invito\/\">Visto per invito<\/a><\/td>\n<td><\/td>\n<\/tr>\n<\/tbody>\n<\/table>\n<p>&nbsp;<\/p>\n<p><strong>3. PRENOTA UN APPUNTAMENTO:<br \/>\n<\/strong><\/p>\n<p>La prenotazione di un appuntamento e\u2019 sempre gratuita.<\/p>\n<p>In aggiunta ai diritti consolari per i visti, i richiedenti che fanno richiesta tramite il VFS Global dovranno pagare la commissione per tale servizio. <strong>OGNI ALTRO PAGAMENTO ADDIZIONALE RICHIESTO DA VFS GLOBAL E\u2019 CHIARAMENTE MENZIONATO SUL SITO INTERNET DEL VFS GLOBAL. OGNI ALTRA RICHIESTA DI DENARO E\u2019 ILLEGALE E NON DOVUTA. <\/strong>Inoltre, i richiedenti devono indicare i loro dati personali al momento della prenotazione dell\u2019appuntamento.<strong> Una prenotazione senza tali dettagli sara\u2019 cancellata<\/strong>.<\/p>\n<p>Tutti i richiedenti visto sono invitati a diffidare di agenzie o persone che asseriscono di conoscere \u201dscorciatorie\u201d e promettono una valutazione \u201cfast track\u201d delle richieste di visto e\/o garantiscono in anticipo sul positivo esito della procedura.<\/p>\n<p>a) VFS GLOBAL<\/p>\n<p>VFS GLOBAL \u00e8 la societ\u00e0 cui \u00e8 stato affidato in via esclusiva il servizio di raccolta delle domande di visto per l\u2019Italia. Per maggiori informazioni e per prenotare un appuntamento presso VFS GLOBAL<\/p>\n<p>\u00b7 visiti il sito web\u00a0<a href=\"https:\/\/visa.vfsglobal.com\/omn\/en\/ita\/\">https:\/\/visa.vfsglobal.com\/omn\/en\/ita\/<\/a>,<\/p>\n<p>\u00b7 contatti l\u2019assistenza telefonica +968 2466 7729, email\u00a0<a href=\"mailto:info.italyoman@vfshelpline.com\">info.italyoman@vfshelpline.com<\/a><\/p>\n<p>\u00b7 si rechi presso la sede VFS Global: Level-1, Panorama Mall, Dohat Al Adab Street P.O. Box 2121, P.C. 112, Al-Khuwair, Muscat.<\/p>\n<p>L\u2019uso dei servizi forniti da VFS GLOBAL \u00e8 su base volontaria. Le domande possono essere presentate anche presso l\u2019Ambasciata. Considerato l\u2019esiguo numero di appuntamenti disponibili, i tempi di attesa possono tuttavia essere anche molto lunghi.<\/p>\n<p>b) Ufficio Visti presso l\u2019Ambasciata d\u2019Italia<\/p>\n<p>L\u2019Ambasciata d\u2019Italia continua a gestire direttamente le domande di:<\/p>\n<p>&#8211; visti per familiari di cittadini provenienti da Stati Membri UE, Paesi dello Spazio economico europeo e Svizzera, che hanno bisogno di un visto Schengen;<\/p>\n<p>&#8211; Visti per studio;<\/p>\n<p>&#8211; Visti per ricongiungimento familiare;<\/p>\n<p>&#8211; Visti diplomatici e missione per l\u2019Italia;<\/p>\n<p>&#8211; Visti per lavoro autonomo e subordinato<\/p>\n<p>Per tali categorie di visti \u00e8 possibile prenotare un appuntamento tramite email:\u00a0<a href=\"mailto:visti.mascate@esteri.it\">visti.mascate@esteri.it<\/a>\u00a0negli orari di apertura al pubblico: domenica-gioved\u00ec dalle 9.00-12.30.<\/p>\n<p>&nbsp;<\/p>\n<p><strong>4. DATI BIOMETRICI (VISA INFORMATION SYSTEM)<\/strong><\/p>\n<p>Tutti i richiedenti visto dovranno fornire i loro dati biometrici (le impronte digitali delle dieci dita delle mani e una foto) al momento della richiesta di visto Schengen. I richiedenti dovranno dunque presentarsi di persona al momento della domanda di visto. Si tratta di una procedura semplice e che richiede solo pochi minuti. Poich\u00e9 le informazioni sui dati biometrici saranno conservate per 59 mesi, per eventuali successive richieste di visto non si dovranno prelevare nuovamente le impronte, e per la richiesta di visto non sar\u00e0 quindi necessario presentare richiesta di persona.<\/p>\n<p>L\u2019esenzione dall&#8217;obbligo di raccolta delle impronte digitali \u00e8 prevista per un numero limitato di richiedenti visto: bambini di et\u00e0 inferiore ai 12 anni e persone per le quali la raccolta delle impronte digitali \u00e8 fisicamente impossibile. Sono altres\u00ec esentati, in occasione di visite ufficiali, i Capi di Stato e i membri del Governo, assieme ai componenti della delegazione al seguito e ai coniugi.<\/p>\n<p>Per ulteriori informazioni, si invita l\u2019utenza a leggere la pagina web del Ministero degli Affari Esteri italiano e il sito web della Commissione Europea.<\/p>\n<p>Si prega di notare che l\u2019Italia richiede la raccolta dei dati biometrici anche per i visti nazionali dall\u201911 gennaio 2025.<\/p>\n<p>&nbsp;<\/p>\n<p><strong>5. CHI PUO\u2019 PRESENTARE DOMANDA DI VISTO<\/strong><\/p>\n<p>Tutti i cittadini omaniti residenti in Oman;<\/p>\n<p>I cittadini di quei Paesi per cui \u00e8 previsto l\u2019obbligo di visto (controlla qui per conoscere per quali Paesi \u00e8 necessario) e che siano regolarmente residenti in Oman.<\/p>\n<p><strong>6. TARIFFE PER L\u2019OTTENIMENTO DI UN VISTO<\/strong><\/p>\n<p>Secondo le ultime modifiche apportate al Codice dei Visti, il costo di un visto \u00e8 90 euro.<\/p>\n<p>Il costo di un visto per i bambini di et\u00e0 compresa tra i sei e i dodici anni \u00e8 di 45 euro.<\/p>\n<p>Le richieste devono essere presentate non pi\u00f9 di sei mesi prima dalla data del presunto arrivo.<\/p>\n<p>Verifica la\u00a0<a href=\"https:\/\/ambmascate.esteri.it\/wp-content\/uploads\/2026\/03\/Consular-visa-fee-from-01042026.pdf\">Tabella tariffe visti<\/a>\u00a0per conoscere tutti i dettagli.<\/p>\n<p>&nbsp;<\/p>\n<p><strong>DIVIETO DI INTERMEDIAZIONE<\/strong><\/p>\n<p>Si raccomanda di diffidare e di segnalare all\u2019Ambasciata eventuali intermediari che offrano i loro servizi a pagamento per presentare o per facilitare le pratiche di visto. Si raccomanda di diffidare in particolare di persone che vantino canali preferenziali per la domanda di visto. Modalit\u00e0 non chiare di presentazione della domanda comportano il diniego del visto stesso.<\/p>\n<p>Nessun impiegato locale dell\u2019Ufficio Visti di questa Ambasciata o del Centro Richieste VFS GLOBAL ha potere decisionale su rilascio e decisioni sui visti.<\/p>\n<p>Tutte le decisioni che riguardano le richieste sono a discrezione dell\u2019Ambasciata d\u2019Italia.<\/p>\n<p>Si prega l\u2019utenza di notificare all\u2019Ambasciata la presenza di individui o societ\u00e0 diverse da VFS GLOBAL che offrano servizi per facilitare le richieste di visti dietro compenso economico.<\/p>\n<p>L\u2019unica agenzia autorizzata da questa Ambasciata a ricevere le richieste di visto \u00e8 VFS GLOBAL.<\/p>\n<p>Gli appuntamenti presso VFS GLOBAL possono essere prenotati sul seguente sito web\u00a0<a href=\"https:\/\/visa.vfsglobal.com\/omn\/en\/ita\/\">https:\/\/visa.vfsglobal.com\/omn\/en\/ita\/<\/a><\/p>\n<p>Prenotare un appuntamento \u00e8 gratuito. VFS GLOBAL \u00e8 aperto al pubblico dalla domenica al gioved\u00ec dalle 8:00 alle 14:00.<\/p>\n<p>L&#8217;ufficio visti dell\u2019Ambasciata e&#8217; aperto al pubblico per la ricezione delle richieste di visto nei seguenti giorni e orari: Domenica &#8211; Gioved\u00ec 9:00 &#8211; 12:30<\/p>\n<p>&nbsp;<\/p>\n<p><strong>L\u2019OTTENIMENTO DEL VISTO NON DA AUTOMATICAMENTE DIRITTO ALL\u2019INGRESSO DELL\u2019AREA SCHENGEN<\/strong><\/p>\n<p>Si attira l\u2019attenzione dei richiedenti visto sul fatto che il semplice possesso di un visto non conferisce automaticamente il diritto di ingresso nell\u2019area Schengen e che i titolari di un visto possono essere richiesti, una volta arrivati alla frontiera esterna dell\u2019area Schengen o in occasione di altri controlli, di fornire informazioni circa i mezzi di sostentamento, sulla durata del soggiorno previsto in area Schengen e sullo scopo del viaggio.<\/p>\n<p>Si raccomanda di portare con s\u00e9 copia dei documenti presentati in fase di domanda di visto (quali ad esempio, lettere di invito, prenotazioni alberghiere e aeree o altri documenti atti a dimostrare lo scopo del viaggio). Per maggiori informazioni, si rimanda all\u2019art. 5 del Codice delle Frontiere Schengen.<\/p>\n<p><strong>COSA SUCCEDE IN CASO DI RIFIUTO DEL VISTO<\/strong><\/p>\n<p>Eventuali decisioni negative relative alle domande di visto saranno notificate al richiedente. Nel provvedimento di rifiuto del visto sono indicati i motivi del rifiuto. Il richiedente la cui domanda \u00e8 stata rifiutata ha diritto di presentare nuova domanda di visto, integrando eventuali documenti mancanti, ovvero di proporre ricorso. Eventuali ricorsi devono essere presentati al T.A.R. del Lazio, con l\u2019assistenza di un legale, entro 60 giorni dalla notifica del provvedimento di rifiuto. Il ricorso deve essere notificato, a pena di nullit\u00e0 (in base all\u2019art. 144 del C.P.C. e all\u2019art. 11 del R.D. n. 1611 del 1933), alla competente Avvocatura dello Stato.<\/p>\n<p>Solo per i visti per motivi familiari il ricorso va presentato al Tribunale ordinario del luogo di residenza del richiedente in Italia.<\/p>\n<p><strong>COME UTILIZZARE CORRETTAMENTE UN VISTO SCHENGEN<\/strong><\/p>\n<p>Il visto Schengen d\u00e0 diritto a circolare nei Paesi dell\u2019area Schengen. E\u2019 possibile rimanere in area Schengen solamente per il numero di giorni indicati sul visto, che va utilizzato esclusivamente nel lasso temporale indicato \u201cdal\u201d \u201cal\u201d. La dicitura \u201cDurata del soggiorno \u2026 giorni\u201d indica il numero di giorni che \u00e8 possibile trascorrere nell\u2019area Schengen, a partire dalla data in cui si fa ingresso nel territorio Schengen (da contare sulla base dei timbri di ingresso e uscita). Il lasso temporale indicato \u201cDa\u2026a\u201d pu\u00f2 essere pi\u00f9 lungo rispetto alla \u201cDurata del soggiorno\u201d al fine di consentire una certa flessibilit\u00e0. Tuttavia non \u00e8 possibile rimanere in area Schengen pi\u00f9 giorni rispetto a quelli indicati sotto la voce \u201cDurata del soggiorno\u2026giorni\u201d. Inoltre non \u00e8 possibile soggiornare oltre la data indicata alla voce \u201cFino al\u201d.<\/p>\n<p>Il numero di ingressi concessi pu\u00f2 essere: uno, due o multipli. Quanti hanno necessit\u00e0 di recarsi frequentemente in area Schengen possono richiedere visti ad ingressi multipli pluriennali fino ad un massimo di 5 anni. Si ricorda ai possessori di visti ad ingressi multipli che in base alla normativa \u00e8 possibile rimanere all\u2019interno dell\u2019area Schengen per un massimo di 90 giorni ogni 180 giorni.<\/p>\n<p>&nbsp;<\/p>\n<p><strong>COME UTILIZZARE CORRETTAMENTE UN VISTO NAZIONALE ITALIANO<\/strong><\/p>\n<p>Una volta giunti in Italia con un visto nazionale italiano, \u00e8 necessario recarsi entro 8 giorni presso la competente Questura della Provincia ove si intende risiedere per fare richiesta di Permesso di soggiorno. La durata del Permesso di soggiorno sar\u00e0 corrispondente a quella indicata sul visto. Il Permesso di soggiorno dovr\u00e0 essere rinnovato direttamente in Italia.<\/p>\n<p>Si avvisa che non esiste una procedura di rinnovo del visto e che il cittadino straniero interessato a soggiornare nel territorio italiano, dopo aver ottenuto il visto D, dovr\u00e0 procedere a rinnovare il\u00a0<i>Permesso di Soggiorno<\/i>\u00a0dinanzi le autorit\u00e0 italiane competenti.<\/p>\n<p>&nbsp;<\/p>\n<p><strong>ULTERIORI INFORMAZIONI<\/strong><\/p>\n<p>Per ogni ulteriore informazione \u00e8 possibile consultare direttamente il sito\u00a0<a href=\"https:\/\/vistoperitalia.esteri.it\/home\/en\">Il Visto per l&#8217;Italia<\/a>\u00a0del Ministero degli Esteri e della Cooperazione Internazionale e il sito della Commissione europea.<\/p>\n<p><a href=\"https:\/\/ambmascate.esteri.it\/wp-content\/uploads\/2024\/06\/Information_on_the_protection_of_individuals_with_reference_to_the_proce.pdf\">Informativa sulla protezione delle persone fisiche con riguardo al trattamento dei dati personali ai fini del rilascio di un visto d&#8217;ingresso in Italia e nell&#8217;area Schengen.<\/a><\/p>\n","protected":false},"excerpt":{"rendered":"PER GARANTIRE LA SICUREZZA, L&#8217;ACCESSO AI LOCALI DELL&#8217;AMBASCIATA DEI RICHIEDENTI VISTO E&#8217; CONSENTITO SOLO SU APPUNTAMENTO. GLI APPUNTAMENTI POSSONO ESSERE RICHIESTI SCRIVENDO AL CENTRO DI RACCOLTA DELLE DOMANDE DI VISTO GESTITO DA VFS GLOBAL\u00a0info.italyoman@vfshelpline.com\u00a0OPPURE ALL\u2019UFFICIO VISTI DELL\u2019AMBASCIATA\u00a0visti.mascate@esteri.it. *** &nbsp; COME PRESENTARE LA DOMANDA DI VISTO IN 6 SEMPLICI PASSI &nbsp; 1. QUANDO CHIEDERE UN VISTO [&hellip;]","protected":false},"author":1,"featured_media":0,"parent":48,"menu_order":0,"comment_status":"closed","ping_status":"closed","template":"","meta":{"footnotes":""},"class_list":["post-89","page","type-page","status-publish","hentry"],"_links":{"self":[{"href":"https:\/\/ambmascate.esteri.it\/it\/wp-json\/wp\/v2\/pages\/89","targetHints":{"allow":["GET"]}}],"collection":[{"href":"https:\/\/ambmascate.esteri.it\/it\/wp-json\/wp\/v2\/pages"}],"about":[{"href":"https:\/\/ambmascate.esteri.it\/it\/wp-json\/wp\/v2\/types\/page"}],"author":[{"embeddable":true,"href":"https:\/\/ambmascate.esteri.it\/it\/wp-json\/wp\/v2\/users\/1"}],"replies":[{"embeddable":true,"href":"https:\/\/ambmascate.esteri.it\/it\/wp-json\/wp\/v2\/comments?post=89"}],"version-history":[{"count":7,"href":"https:\/\/ambmascate.esteri.it\/it\/wp-json\/wp\/v2\/pages\/89\/revisions"}],"predecessor-version":[{"id":5216,"href":"https:\/\/ambmascate.esteri.it\/it\/wp-json\/wp\/v2\/pages\/89\/revisions\/5216"}],"up":[{"embeddable":true,"href":"https:\/\/ambmascate.esteri.it\/it\/wp-json\/wp\/v2\/pages\/48"}],"wp:attachment":[{"href":"https:\/\/ambmascate.esteri.it\/it\/wp-json\/wp\/v2\/media?parent=89"}],"curies":[{"name":"wp","href":"https:\/\/api.w.org\/{rel}","templated":true}]}}