{"id":918,"date":"2023-06-26T16:37:50","date_gmt":"2023-06-26T14:37:50","guid":{"rendered":"https:\/\/ambmascate.esteri.it\/?page_id=918"},"modified":"2026-02-11T08:16:49","modified_gmt":"2026-02-11T07:16:49","slug":"newsletter","status":"publish","type":"page","link":"https:\/\/ambmascate.esteri.it\/it\/news\/newsletter\/","title":{"rendered":"Newsletter &#8220;Caff\u00e8 e Halwa&#8221;"},"content":{"rendered":"<p>Newsletter Maeci<\/p>\n<p>Nata nel contesto della pandemia come strumento per rafforzare i contatti tra l&#8217;Ambasciata e la collettivit\u00e0 italiana in Oman, la Newsletter &#8220;Caff\u00e8 e Halwa&#8221; viene pubblicata su base mensile esclusivamente online e consente di raggiungere i connazionali che lo desiderino direttamente a casa loro, con le informazioni pubblicate sul sito ufficiale dell&#8217;Ambasciata, con le notizie pi\u00f9 importanti che afferiscono alle attivit\u00e0 svolte dall&#8217;Ambasciata e con le news rilevanti nel Sultanato o sulle relazioni bilaterali.<\/p>\n<p>La comunit\u00e0 italiana ha la possibilit\u00e0 di far sentire la sua voce attraverso una rubrica dedicata ogni mese ad un connazionale residente in Oman, per rappresentare il contributo straordinario della nostra comunit\u00e0 che da anni lavora con dedizione, passione e coraggio a sostegno di fatto dello sviluppo delle relazioni tra i due Paesi, a livello economico, culturale e sociale.<\/p>\n<p>Ci far\u00e0 piacere ricevere notizie su iniziative o attivit\u00e0 italiane in Oman da poter pubblicare eventualmente sulla Newsletter per una loro maggiore visibilit\u00e0 e sostegno.<\/p>\n<p>Per essere inseriti nella lista dei destinatari della Newsletter e&#8217; sufficiente inserire la vostra email nella sezione dedicata a pie di pagina.<\/p>\n<p>RUBRICA &#8211; ITALIANI IN OMAN: Il Sultanato raccontato dai membri della comunit\u00e0 italiana: una rubrica sui ricordi, il presente e le aspettative di connazionali che hanno scelto l&#8217;Oman per vivere e lavorare.<\/p>\n<p><strong>INTERVISTE<\/strong><\/p>\n<p><a href=\"https:\/\/ambmascate.esteri.it\/wp-content\/uploads\/2026\/02\/Intervista-Trevisan.pdf\">Italiani in Oman &#8211; Intervista a Filippo Trevisan<\/a><\/p>\n<p><a href=\"https:\/\/ambmascate.esteri.it\/wp-content\/uploads\/2025\/10\/Intervista-Lucia-e-Luca-compresso.pdf\">Italiani in Oman &#8211; Intervista a Lucia Oliva e Luca Moretti\u00a0<\/a><\/p>\n<p><a href=\"https:\/\/ambmascate.esteri.it\/wp-content\/uploads\/2025\/07\/Intervista-Alessandro-Vavassori.pdf\">Italiani in Oman &#8211; Intervista ad Alessandro Vavassori<\/a><\/p>\n<p><a href=\"https:\/\/ambmascate.esteri.it\/wp-content\/uploads\/2025\/03\/Intervista-Antonella-Appiano.pdf\">Italiani in Oman &#8211; Intervista ad Antonella Appiano<\/a><\/p>\n<p><a href=\"https:\/\/ambmascate.esteri.it\/wp-content\/uploads\/2025\/01\/Intervista-Chef-Giuseppe-Lioce.pdf\">Italiani in Oman &#8211; Intervista a Giuseppe Lioce<\/a><\/p>\n<p><a href=\"https:\/\/ambmascate.esteri.it\/wp-content\/uploads\/2024\/09\/Intervista-Giancarlo-Esposito.pdf\">Italiani in Oman &#8211; Intervista a Giancarlo Esposito<\/a><\/p>\n<p><a href=\"https:\/\/ambmascate.esteri.it\/wp-content\/uploads\/2024\/07\/Intervista-Margherita.pdf\">Italiani in Oman &#8211; Intervista a Margherita Barnaba`<\/a><\/p>\n<p>I<a href=\"https:\/\/ambmascate.esteri.it\/wp-content\/uploads\/2023\/08\/Messaggio_per_commemorazione_di_Marcinelle_REV.pdf\">taliani nel Mondo- Messaggio Ministro Antonio Tajan<u>in in occasione della Giornata del sacrificio del lavoro italiano nel mondo<\/u><\/a><\/p>\n<p><a href=\"https:\/\/ambmascate.esteri.it\/wp-content\/uploads\/2023\/07\/intervista_Francesca-Gilli-3.pdf\">Italiani in Oman &#8211; Intervista a Francesca Gilli<\/a><\/p>\n<p><a href=\"https:\/\/ambmascate.esteri.it\/wp-content\/uploads\/2023\/06\/intervista_umberto_fanni.pdf\">Italiani in Oman &#8211; Intervista a Umberto Fanni<\/a><\/p>\n<p><a href=\"https:\/\/ambmascate.esteri.it\/wp-content\/uploads\/2023\/06\/intervista_raoul_restucci.pdf\">Italiani in Oman &#8211; Intervista a Raoul Restucci<\/a><\/p>\n<p><a href=\"https:\/\/ambmascate.esteri.it\/wp-content\/uploads\/2023\/06\/intervista_geraldina_santini.pdf\">Italiani in Oman &#8211; Intervista a Geraldina Santini<\/a><\/p>\n<p><a href=\"https:\/\/ambmascate.esteri.it\/wp-content\/uploads\/2023\/06\/intervista_nilo_domanico.pdf\">Italiani in Oman &#8211; Intervista a Nilo Domanico<\/a><\/p>\n<p><a href=\"https:\/\/ambmascate.esteri.it\/wp-content\/uploads\/2023\/06\/intervista_federico_e_flavio_fazzuoli.pdf\">Italiani in Oman &#8211; Intervista a Federico e Flavio Fazzuoli<\/a><\/p>\n<p><a href=\"https:\/\/ambmascate.esteri.it\/wp-content\/uploads\/2023\/06\/intervista_maura_castagno.pdf\">Italiani in Oman &#8211; Intervista a Maura Castagno<\/a><\/p>\n<p><a href=\"https:\/\/ambmascate.esteri.it\/wp-content\/uploads\/2023\/06\/intervista_mara_galeazzi.pdf\">Italiani in Oman &#8211; Intervista a Mara Galeazzi<\/a><\/p>\n<p><a href=\"https:\/\/ambmascate.esteri.it\/wp-content\/uploads\/2023\/06\/intervista_beatrice_franceschi.pdf\">Italiani in Oman &#8211; Intervista a Beatrice Franceschi<\/a><\/p>\n<p><a href=\"https:\/\/ambmascate.esteri.it\/wp-content\/uploads\/2023\/06\/intervista_cinzia_faris.pdf\">Italiani in Oman &#8211; Intervista a Cinzia Faris\u00e8<\/a><\/p>\n<p><a href=\"https:\/\/ambmascate.esteri.it\/wp-content\/uploads\/2023\/06\/intervista_manuel_esu_compressed1.pdf\">Italiani in Oman &#8211; Intervista a Manuel Esu<\/a><\/p>\n<p><a href=\"https:\/\/ambmascate.esteri.it\/wp-content\/uploads\/2023\/06\/intervista_irene_sasso.pdf\">Italiani in Oman &#8211; Intervista a Irene Sasso<\/a><\/p>\n<p><a href=\"https:\/\/ambmascate.esteri.it\/wp-content\/uploads\/2023\/06\/intervista_paolo_casacci.pdf\">Italiani in Oman &#8211; Intervista a Paolo Casacci<\/a><\/p>\n<p><a href=\"https:\/\/ambmascate.esteri.it\/wp-content\/uploads\/2023\/06\/intervista_caterina_mirasolo.pdf\">Italiani in Oman &#8211; Intervista a Caterina Mirasolo<\/a><\/p>\n<p><a href=\"https:\/\/ambmascate.esteri.it\/wp-content\/uploads\/2023\/06\/intervista_patrizia_andreoni.pdf\">Italiani in Oman &#8211; Intervista a Patrizia Andreoni<\/a><\/p>\n<p><a href=\"https:\/\/ambmascate.esteri.it\/wp-content\/uploads\/2023\/06\/intervista_alessandra_zingales.pdf\">Italiani in Oman &#8211; Intervista ad Alessandra Zingales<\/a><\/p>\n<p><a href=\"https:\/\/ambmascate.esteri.it\/wp-content\/uploads\/2023\/06\/intervista_luca_blasio.pdf\">Italiani in Oman &#8211; Intervista a Luca Blasio<\/a><\/p>\n<p><a href=\"https:\/\/ambmascate.esteri.it\/wp-content\/uploads\/2023\/06\/intervista_giulia_cappellari.pdf\">Italiani in Oman &#8211; Intervista a Giulia Cappellari<\/a><\/p>\n<p><a href=\"https:\/\/ambmascate.esteri.it\/wp-content\/uploads\/2023\/06\/intervista_marco_dallaglio.pdf\">Italiani in Oman &#8211; Intervista a Marco Dall`Aglio<\/a><\/p>\n<p><a href=\"https:\/\/ambmascate.esteri.it\/wp-content\/uploads\/2023\/06\/intervista_giovanni_falaschi.pdf\">Italiani in Oman &#8211; Intervista a Giovanni Falaschi<\/a><\/p>\n<p><a href=\"https:\/\/ambmascate.esteri.it\/wp-content\/uploads\/2023\/06\/intervista_isabel_de_guio.pdf\">Italiani in Oman &#8211; Intervista a Isabel De Guio<\/a><\/p>\n<p><a href=\"https:\/\/ambmascate.esteri.it\/wp-content\/uploads\/2023\/06\/saluto_ambasciatore_federica_favi.pdf\">Messaggio di saluto da parte dell\u2019Ambasciatore d\u2019Italia in Oman, S.E. Federica Favi<\/a><\/p>\n<p><a href=\"https:\/\/ambmascate.esteri.it\/wp-content\/uploads\/2023\/06\/intervista_a_raffaella_mudolo.pdf\">Italiani in Oman &#8211; Intervista a Raffaella Murdolo<\/a><\/p>\n<p><a href=\"https:\/\/ambmascate.esteri.it\/wp-content\/uploads\/2023\/06\/intervista_mese_di_marzo_2023_lorenzo_ferrante.pdf\">Italiani in Oman &#8211; Intervista a Lorenzo Ferrante<\/a><\/p>\n<p><a href=\"https:\/\/ambmascate.esteri.it\/wp-content\/uploads\/2023\/06\/Intervista-Aprile-2023-Caterina-Carannante.pdf\">Italiani in Oman &#8211; Intervista a Caterina Carannante<\/a><\/p>\n<p><a href=\"https:\/\/ambmascate.esteri.it\/wp-content\/uploads\/2023\/06\/intervista_francesco_de_marco_maggio_2023.pdf\">Italiani in Oman &#8211; Intervista a Francesco De Marco<\/a><\/p>\n<p><a href=\"https:\/\/ambmascate.esteri.it\/wp-content\/uploads\/2023\/10\/Intervista-Donatella-Donatelli-2023-1.pdf\">Italiani in Oman &#8211; Intervista a Donatella Donatelli<\/a><\/p>\n<p><a href=\"https:\/\/ambmascate.esteri.it\/wp-content\/uploads\/2023\/11\/Intervista-Lorenzo-Nicolai-2023.pdf\">Italiani in Oman &#8211; Intervista a Lorenzo Nicolai<\/a><\/p>\n<p><a href=\"https:\/\/ambmascate.esteri.it\/wp-content\/uploads\/2024\/01\/intervista-Giovanni-Piazzolla.pdf\">Italiani in Oman &#8211; Intervista a Giovanni Piazzolla<\/a><\/p>\n<p><a href=\"https:\/\/ambmascate.esteri.it\/wp-content\/uploads\/2024\/02\/Intervista-Matteo-Andreini-2023.pdf\">Italiani in Oman &#8211; Intervista a Matteo Andreini<\/a><\/p>\n<p><a href=\"https:\/\/ambmascate.esteri.it\/wp-content\/uploads\/2024\/03\/Intervista-Paola-Oricchio-2024.pdf\">Italiani in Oman &#8211; Intervista a Paola Oricchio<\/a><\/p>\n<p><a href=\"https:\/\/ambmascate.esteri.it\/wp-content\/uploads\/2024\/05\/Intervista-Giorgio.pdf\">Italiani in Oman &#8211; Intervista \u00a0a Giorgio Vanno Antonelli<\/a><\/p>\n<p>NEWS LETTER<\/p>\n<p><a href=\"https:\/\/ambmascate.esteri.it\/wp-content\/uploads\/2026\/02\/Newsletter-2026-1.pdf\">Febbraio 2026<\/a><\/p>\n<p>Ottobre 2025<\/p>\n<p><a href=\"https:\/\/ambmascate.esteri.it\/wp-content\/uploads\/2025\/07\/Newsletter-2025-3.pdf\">Luglio\u00a0 2025<\/a><\/p>\n<p><a href=\"https:\/\/ambmascate.esteri.it\/wp-content\/uploads\/2026\/02\/Newsletter-2025-2.pdf\">Marzo 2025<\/a><\/p>\n<p><a href=\"https:\/\/ambmascate.esteri.it\/wp-content\/uploads\/2024\/03\/Intervista-Paola-Oricchio-2024.pdf\">Marzo 2024<\/a><\/p>\n<p><a href=\"https:\/\/ambmascate.esteri.it\/wp-content\/uploads\/2024\/02\/Newsletter-2024-2.pdf\">Febbraio 2024<\/a><\/p>\n<p><a href=\"https:\/\/ambmascate.esteri.it\/wp-content\/uploads\/2024\/01\/Newsletter-2024-1.pdf\">Gennaio 2024<\/a><\/p>\n<p><a href=\"https:\/\/ambmascate.esteri.it\/wp-content\/uploads\/2023\/11\/Newsletter-2023-11.pdf\">Novembre 2023<\/a><\/p>\n<p><a href=\"https:\/\/ambmascate.esteri.it\/wp-content\/uploads\/2023\/10\/Newsletter-2023-10.pdf\">Ottobre 2023<\/a><\/p>\n<p><a href=\"https:\/\/ambmascate.esteri.it\/wp-content\/uploads\/2023\/08\/Newsletter-2023-8.pdf\">Agosto 2023<\/a><\/p>\n<p><a href=\"https:\/\/ambmascate.esteri.it\/wp-content\/uploads\/2023\/08\/Newsletter-2023-7-2.pdf\"><span style=\"text-decoration: underline;\">Luglio 2023<\/span><\/a><\/p>\n<p><a href=\"https:\/\/ambmascate.esteri.it\/wp-content\/uploads\/2023\/06\/newsletter-aprile-_2021-01.pdf\">Aprile 2021<\/a><\/p>\n<p><a href=\"https:\/\/ambmascate.esteri.it\/wp-content\/uploads\/2023\/06\/newsletter_-maggio-2021-02.pdf\">Maggio 2021<\/a><\/p>\n<p><a href=\"https:\/\/ambmascate.esteri.it\/wp-content\/uploads\/2023\/06\/newsletter_giugno-2021-03.pdf\">Giugno 2021<\/a><\/p>\n<p><a href=\"https:\/\/ambmascate.esteri.it\/wp-content\/uploads\/2023\/06\/newsletter_-luglio2021-04.pdf\">Luglio 2021<\/a><\/p>\n<p><a href=\"https:\/\/ambmascate.esteri.it\/wp-content\/uploads\/2023\/06\/newsletter_agosto2021-05.pdf\">Agosto 2021<\/a><\/p>\n<p><a href=\"https:\/\/ambmascate.esteri.it\/wp-content\/uploads\/2023\/06\/newsletterSettembre-_2021-06.pdf\">Settembre 2021<\/a><\/p>\n<p><a href=\"https:\/\/ambmascate.esteri.it\/wp-content\/uploads\/2023\/06\/newsletter_Ottobre-2021-07.pdf\">Ottobre 2021<\/a><\/p>\n<p><a href=\"https:\/\/ambmascate.esteri.it\/wp-content\/uploads\/2023\/06\/newsletter-Novembre_2021-08.pdf\">Novembre 2021<\/a><\/p>\n<p><a href=\"https:\/\/ambmascate.esteri.it\/wp-content\/uploads\/2023\/06\/newsletter-dicembre-_2021-09_compressed.pdf\">Dicembre 2021<\/a><\/p>\n<p><a href=\"https:\/\/ambmascate.esteri.it\/wp-content\/uploads\/2023\/06\/newsletter-gennaio_2022_-_01.pdf\">Gennaio 2022<\/a><\/p>\n<p>Febbraio 2022<\/p>\n<p><a href=\"https:\/\/ambmascate.esteri.it\/wp-content\/uploads\/2023\/06\/newsletter_2022-03.pdf\">Marzo 2022<\/a><\/p>\n<p><a href=\"https:\/\/ambmascate.esteri.it\/wp-content\/uploads\/2023\/06\/newsletter_2022_-_04_compressed.pdf\">Aprile 2022<\/a><\/p>\n<p><a href=\"https:\/\/ambmascate.esteri.it\/wp-content\/uploads\/2023\/06\/newsletter_2022_-_05.pdf\">Maggio 2022<\/a><\/p>\n<p><a href=\"https:\/\/ambmascate.esteri.it\/wp-content\/uploads\/2023\/06\/newsletter_2022-06.pdf\">Giugno 2022<\/a><\/p>\n<p><a href=\"https:\/\/ambmascate.esteri.it\/wp-content\/uploads\/2023\/06\/newsletter_2022-07.pdf\">Luglio 2022<\/a><\/p>\n<p><a href=\"https:\/\/ambmascate.esteri.it\/wp-content\/uploads\/2023\/06\/newsletter_2022_-_08.pdf\">Agosto 2022<\/a><\/p>\n<p><a href=\"https:\/\/ambmascate.esteri.it\/wp-content\/uploads\/2023\/06\/newsletter_2022_-_09.pdf\">Settembre 2022<\/a><\/p>\n<p><a href=\"https:\/\/ambmascate.esteri.it\/wp-content\/uploads\/2023\/06\/newsletter_2022_-_10.pdf\">Ottobre 2022<\/a><\/p>\n<p><a href=\"https:\/\/ambmascate.esteri.it\/wp-content\/uploads\/2023\/06\/newsletter_2022_-_11.pdf\">Novembre 2022<\/a><\/p>\n<p><a href=\"https:\/\/ambmascate.esteri.it\/wp-content\/uploads\/2023\/06\/newsletter_2022_-_12.pdf\">Dicembre 2022<\/a><\/p>\n<p>&nbsp;<\/p>\n<p>&nbsp;<\/p>\n<p>&nbsp;<\/p>\n<p>&nbsp;<\/p>\n","protected":false},"excerpt":{"rendered":"Newsletter Maeci Nata nel contesto della pandemia come strumento per rafforzare i contatti tra l&#8217;Ambasciata e la collettivit\u00e0 italiana in Oman, la Newsletter &#8220;Caff\u00e8 e Halwa&#8221; viene pubblicata su base mensile esclusivamente online e consente di raggiungere i connazionali che lo desiderino direttamente a casa loro, con le informazioni pubblicate sul sito ufficiale dell&#8217;Ambasciata, con [&hellip;]","protected":false},"author":5,"featured_media":0,"parent":16,"menu_order":4,"comment_status":"closed","ping_status":"closed","template":"","meta":{"footnotes":""},"class_list":["post-918","page","type-page","status-publish","hentry"],"_links":{"self":[{"href":"https:\/\/ambmascate.esteri.it\/it\/wp-json\/wp\/v2\/pages\/918","targetHints":{"allow":["GET"]}}],"collection":[{"href":"https:\/\/ambmascate.esteri.it\/it\/wp-json\/wp\/v2\/pages"}],"about":[{"href":"https:\/\/ambmascate.esteri.it\/it\/wp-json\/wp\/v2\/types\/page"}],"author":[{"embeddable":true,"href":"https:\/\/ambmascate.esteri.it\/it\/wp-json\/wp\/v2\/users\/5"}],"replies":[{"embeddable":true,"href":"https:\/\/ambmascate.esteri.it\/it\/wp-json\/wp\/v2\/comments?post=918"}],"version-history":[{"count":6,"href":"https:\/\/ambmascate.esteri.it\/it\/wp-json\/wp\/v2\/pages\/918\/revisions"}],"predecessor-version":[{"id":4976,"href":"https:\/\/ambmascate.esteri.it\/it\/wp-json\/wp\/v2\/pages\/918\/revisions\/4976"}],"up":[{"embeddable":true,"href":"https:\/\/ambmascate.esteri.it\/it\/wp-json\/wp\/v2\/pages\/16"}],"wp:attachment":[{"href":"https:\/\/ambmascate.esteri.it\/it\/wp-json\/wp\/v2\/media?parent=918"}],"curies":[{"name":"wp","href":"https:\/\/api.w.org\/{rel}","templated":true}]}}