{"id":98,"date":"2023-04-11T18:24:28","date_gmt":"2023-04-11T16:24:28","guid":{"rendered":"https:\/\/ambasciatapraga.esteri.it\/?page_id=98"},"modified":"2024-09-23T13:09:52","modified_gmt":"2024-09-23T11:09:52","slug":"missioni-archeologiche","status":"publish","type":"page","link":"https:\/\/ambmascate.esteri.it\/it\/italia-e-oman\/diplomazia-culturale\/missioni-archeologiche\/","title":{"rendered":"Missioni archeologiche"},"content":{"rendered":"<p>Nel 2023 il Ministero degli Affari Esteri e della Cooperazione Internazionale ha sostenuto 279 missioni attraverso la concessione di contributi (209) o riconoscimenti istituzionali.<br \/>\nUndici di queste missioni sono attualmente in Oman. Gli archeologi italiani sono presenti nel Sultanato fin dagli anni settanta, accolti calorosamente dalle autorit\u00e0 omanite, che hanno trovato nelle universit\u00e0 italiane partner affidabili per sostenere la ricerca sulla ricca storia dell&#8217;Oman. Le universit\u00e0 italiane hanno cos\u00ec avviato una profonda e proficua collaborazione con le controparti locali, attraverso un dialogo costante che ha portato ad attivit\u00e0 congiunte, pubblicazioni e approfondimenti, insieme alle Autorit\u00e0 omanite. In diversi casi alcuni dei ricercatori sono diventati consulenti del Ministero dei Beni Culturali e del Turismo, incrementando ulteriormente le sinergie con il mondo accademico italiano. In questo contesto, l&#8217;impegno del Ministero degli Affari Esteri italiano a sostegno delle missioni archeologiche italiane, il dialogo regolare dell&#8217;Ambasciata con il Ministero per i Beni e le Attivit\u00e0 del Turismo e l&#8217;affidabilit\u00e0 dei ricercatori italiani sono stati fondamentali per rafforzare il dialogo bilaterale e la cultura italiana presenza in Oman.<\/p>\n<p>Di seguito sono elencate le missioni archeologiche attualmente in Oman:<\/p>\n<p>1) campagna di ricerca archeologica nell&#8217;area di Wadi Bani Khalid, riguardante gli insediamenti dell&#8217;Et\u00e0 del Ferro, diretta dal Prof. Romolo Loreto dell&#8217;Universit\u00e0 degli Studi di Napoli \u201cl&#8217;Orientale\u201d.<\/p>\n<p>2) campagna di ricerca archeologica nella necropoli di Musandam, dall&#8217;et\u00e0 del ferro all&#8217;et\u00e0 preislamica, diretta dal Dott. Francesco Genchi dell&#8217;Universit\u00e0 di Roma \u201cLa Sapienza\u201d.<\/p>\n<p>3) campagna di ricerca archeologica nell&#8217;area di Khutm, iscritta nella lista dei patrimoni dell&#8217;UNESCO nel 1988, diretta dal Prof. Maurizio Cattani dell&#8217;Universit\u00e0 di Bologna.<\/p>\n<p>4) campagna di ricerca archeologica nell&#8217;area medievale di Al Baleed, diretta dalla dott.ssa Roberta Giunta, dell&#8217;Universit\u00e0 degli Studi di Napoli \u201cl&#8217;Orientale\u201d.<\/p>\n<p>5) campagna di ricerca archeologica nell&#8217;area di Salut e Bisyah, dal neolitico all&#8217;et\u00e0 islamica, diretta dal Prof. Andrea Zerboni dell&#8217;Universit\u00e0 degli Studi di Milano.<\/p>\n<p>6) campagna di ricerca archeologica riguardante la necropoli e l&#8217;insediamento di Al Batinah durante l&#8217;Et\u00e0 del Bronzo e del Ferro, diretta dal Prof. Marco Ramazzotti dell&#8217;Universit\u00e0 di Roma \u201cLa Sapienza\u201d.<\/p>\n<p>7) campagna di ricerca archeologica sulle tombe monumentali preistoriche dell&#8217;Et\u00e0 del Bronzo e del Ferro ad Halban, zona South Batinah, diretta dal Dott. Eugenio Bortolini dell&#8217;Universit\u00e0 di Bologna.<\/p>\n<p>8) campagna di ricerca archeologica ad Al Tikha, Rustaq, diretta dalla Prof.ssa Sara Pizzimenti dell&#8217;Universit\u00e0 di Pisa.<\/p>\n<p>9) Un progetto riguardante lo sfruttamento dei delfini, e dei mammiferi marini in genere, nella Penisola Arabica dalla preistoria al periodo preislamico, diretto dalla Dott.ssa Elena Maini dell&#8217;Universit\u00e0 di Roma \u201cLa Sapienza\u201d.<\/p>\n<p>10) campagna di ricerca archeologica nel Governatorato di Al Batinah Sud nel sito neolitico di Hayy Al Sarh, presso Rustaq, diretto dal Dott. Niccolo&#8217; Mazzucco dell&#8217;Universita&#8217; di Pisa<\/p>\n<p>11) campagna di ricerca archeologica nel Dhofar relative alle comunita&#8217; locali risalenti all&#8217;eta&#8217; del ferro, diretta dalla Dott.ssa Silvia Lischi dell&#8217;Universita&#8217; di Pisa<\/p>\n<p><strong>\u00a0<\/strong><\/p>\n","protected":false},"excerpt":{"rendered":"Nel 2023 il Ministero degli Affari Esteri e della Cooperazione Internazionale ha sostenuto 279 missioni attraverso la concessione di contributi (209) o riconoscimenti istituzionali. Undici di queste missioni sono attualmente in Oman. Gli archeologi italiani sono presenti nel Sultanato fin dagli anni settanta, accolti calorosamente dalle autorit\u00e0 omanite, che hanno trovato nelle universit\u00e0 italiane partner [&hellip;]","protected":false},"author":1,"featured_media":0,"parent":44,"menu_order":0,"comment_status":"closed","ping_status":"closed","template":"","meta":{"footnotes":""},"class_list":["post-98","page","type-page","status-publish","hentry"],"_links":{"self":[{"href":"https:\/\/ambmascate.esteri.it\/it\/wp-json\/wp\/v2\/pages\/98","targetHints":{"allow":["GET"]}}],"collection":[{"href":"https:\/\/ambmascate.esteri.it\/it\/wp-json\/wp\/v2\/pages"}],"about":[{"href":"https:\/\/ambmascate.esteri.it\/it\/wp-json\/wp\/v2\/types\/page"}],"author":[{"embeddable":true,"href":"https:\/\/ambmascate.esteri.it\/it\/wp-json\/wp\/v2\/users\/1"}],"replies":[{"embeddable":true,"href":"https:\/\/ambmascate.esteri.it\/it\/wp-json\/wp\/v2\/comments?post=98"}],"version-history":[{"count":3,"href":"https:\/\/ambmascate.esteri.it\/it\/wp-json\/wp\/v2\/pages\/98\/revisions"}],"predecessor-version":[{"id":3306,"href":"https:\/\/ambmascate.esteri.it\/it\/wp-json\/wp\/v2\/pages\/98\/revisions\/3306"}],"up":[{"embeddable":true,"href":"https:\/\/ambmascate.esteri.it\/it\/wp-json\/wp\/v2\/pages\/44"}],"wp:attachment":[{"href":"https:\/\/ambmascate.esteri.it\/it\/wp-json\/wp\/v2\/media?parent=98"}],"curies":[{"name":"wp","href":"https:\/\/api.w.org\/{rel}","templated":true}]}}